{"id":1153,"date":"2023-11-29T02:01:56","date_gmt":"2023-11-29T01:01:56","guid":{"rendered":"https:\/\/psiquiatricocali.gov.co\/wp\/?page_id=1153"},"modified":"2023-12-05T14:53:53","modified_gmt":"2023-12-05T13:53:53","slug":"hospitalizacion","status":"publish","type":"page","link":"https:\/\/psiquiatricocali.gov.co\/wp\/hospitalizacion\/","title":{"rendered":"Hospitalizaci\u00f3n"},"content":{"rendered":"\t\t<div data-elementor-type=\"wp-page\" data-elementor-id=\"1153\" class=\"elementor elementor-1153\" data-elementor-post-type=\"page\">\n\t\t\t\t<div class=\"elementor-element elementor-element-0fdc4d3 e-con-full e-flex wpr-particle-no wpr-jarallax-no wpr-parallax-no wpr-sticky-section-no wpr-equal-height-no e-con e-parent\" data-id=\"0fdc4d3\" data-element_type=\"container\">\n\t\t<div class=\"elementor-element elementor-element-ec0ebf7 e-con-full e-flex wpr-particle-no wpr-jarallax-no wpr-parallax-no wpr-sticky-section-no wpr-equal-height-no e-con e-child\" data-id=\"ec0ebf7\" data-element_type=\"container\">\n\t\t\t\t<div class=\"elementor-element elementor-element-5f39c37 elementor-widget elementor-widget-image\" data-id=\"5f39c37\" data-element_type=\"widget\" data-widget_type=\"image.default\">\n\t\t\t\t<div class=\"elementor-widget-container\">\n\t\t\t<style>\/*! elementor - v3.23.0 - 05-08-2024 *\/\n.elementor-widget-image{text-align:center}.elementor-widget-image a{display:inline-block}.elementor-widget-image a img[src$=\".svg\"]{width:48px}.elementor-widget-image img{vertical-align:middle;display:inline-block}<\/style>\t\t\t\t\t\t\t\t\t\t<img fetchpriority=\"high\" decoding=\"async\" width=\"1920\" height=\"496\" src=\"https:\/\/psiquiatricocali.gov.co\/wp\/wp-content\/uploads\/2023\/11\/Banner-Tramites-Servicios.jpg\" class=\"attachment-full size-full wp-image-1217\" alt=\"\" srcset=\"https:\/\/psiquiatricocali.gov.co\/wp\/wp-content\/uploads\/2023\/11\/Banner-Tramites-Servicios.jpg 1920w, https:\/\/psiquiatricocali.gov.co\/wp\/wp-content\/uploads\/2023\/11\/Banner-Tramites-Servicios-300x78.jpg 300w, https:\/\/psiquiatricocali.gov.co\/wp\/wp-content\/uploads\/2023\/11\/Banner-Tramites-Servicios-1024x265.jpg 1024w, https:\/\/psiquiatricocali.gov.co\/wp\/wp-content\/uploads\/2023\/11\/Banner-Tramites-Servicios-768x198.jpg 768w, https:\/\/psiquiatricocali.gov.co\/wp\/wp-content\/uploads\/2023\/11\/Banner-Tramites-Servicios-1536x397.jpg 1536w\" sizes=\"(max-width: 1920px) 100vw, 1920px\" \/>\t\t\t\t\t\t\t\t\t\t\t\t\t<\/div>\n\t\t\t\t<\/div>\n\t\t\t\t<\/div>\n\t\t\t\t<\/div>\n\t\t<div class=\"elementor-element elementor-element-c90ee1e e-con-full e-flex wpr-particle-no wpr-jarallax-no wpr-parallax-no wpr-sticky-section-no wpr-equal-height-no e-con e-parent\" data-id=\"c90ee1e\" data-element_type=\"container\">\n\t\t<div class=\"elementor-element elementor-element-79932a7 e-flex e-con-boxed wpr-particle-no wpr-jarallax-no wpr-parallax-no wpr-sticky-section-no wpr-equal-height-no e-con e-child\" data-id=\"79932a7\" data-element_type=\"container\">\n\t\t\t\t\t<div class=\"e-con-inner\">\n\t\t\t\t<div class=\"elementor-element elementor-element-aed2562 br_not elementor-widget elementor-widget-heading\" data-id=\"aed2562\" data-element_type=\"widget\" data-widget_type=\"heading.default\">\n\t\t\t\t<div class=\"elementor-widget-container\">\n\t\t\t<style>\/*! elementor - v3.23.0 - 05-08-2024 *\/\n.elementor-heading-title{padding:0;margin:0;line-height:1}.elementor-widget-heading .elementor-heading-title[class*=elementor-size-]>a{color:inherit;font-size:inherit;line-height:inherit}.elementor-widget-heading .elementor-heading-title.elementor-size-small{font-size:15px}.elementor-widget-heading .elementor-heading-title.elementor-size-medium{font-size:19px}.elementor-widget-heading .elementor-heading-title.elementor-size-large{font-size:29px}.elementor-widget-heading .elementor-heading-title.elementor-size-xl{font-size:39px}.elementor-widget-heading .elementor-heading-title.elementor-size-xxl{font-size:59px}<\/style><h1 class=\"elementor-heading-title elementor-size-default\">Hospitalizaci\u00f3n\n\n<\/h1>\t\t<\/div>\n\t\t\t\t<\/div>\n\t\t\t\t<div class=\"elementor-element elementor-element-123fd78 elementor-widget-divider--view-line elementor-widget elementor-widget-divider\" data-id=\"123fd78\" data-element_type=\"widget\" data-widget_type=\"divider.default\">\n\t\t\t\t<div class=\"elementor-widget-container\">\n\t\t\t<style>\/*! elementor - v3.23.0 - 05-08-2024 *\/\n.elementor-widget-divider{--divider-border-style:none;--divider-border-width:1px;--divider-color:#0c0d0e;--divider-icon-size:20px;--divider-element-spacing:10px;--divider-pattern-height:24px;--divider-pattern-size:20px;--divider-pattern-url:none;--divider-pattern-repeat:repeat-x}.elementor-widget-divider .elementor-divider{display:flex}.elementor-widget-divider .elementor-divider__text{font-size:15px;line-height:1;max-width:95%}.elementor-widget-divider .elementor-divider__element{margin:0 var(--divider-element-spacing);flex-shrink:0}.elementor-widget-divider .elementor-icon{font-size:var(--divider-icon-size)}.elementor-widget-divider .elementor-divider-separator{display:flex;margin:0;direction:ltr}.elementor-widget-divider--view-line_icon .elementor-divider-separator,.elementor-widget-divider--view-line_text .elementor-divider-separator{align-items:center}.elementor-widget-divider--view-line_icon .elementor-divider-separator:after,.elementor-widget-divider--view-line_icon .elementor-divider-separator:before,.elementor-widget-divider--view-line_text .elementor-divider-separator:after,.elementor-widget-divider--view-line_text .elementor-divider-separator:before{display:block;content:\"\";border-block-end:0;flex-grow:1;border-block-start:var(--divider-border-width) var(--divider-border-style) var(--divider-color)}.elementor-widget-divider--element-align-left .elementor-divider .elementor-divider-separator>.elementor-divider__svg:first-of-type{flex-grow:0;flex-shrink:100}.elementor-widget-divider--element-align-left .elementor-divider-separator:before{content:none}.elementor-widget-divider--element-align-left .elementor-divider__element{margin-left:0}.elementor-widget-divider--element-align-right .elementor-divider .elementor-divider-separator>.elementor-divider__svg:last-of-type{flex-grow:0;flex-shrink:100}.elementor-widget-divider--element-align-right .elementor-divider-separator:after{content:none}.elementor-widget-divider--element-align-right .elementor-divider__element{margin-right:0}.elementor-widget-divider--element-align-start .elementor-divider .elementor-divider-separator>.elementor-divider__svg:first-of-type{flex-grow:0;flex-shrink:100}.elementor-widget-divider--element-align-start .elementor-divider-separator:before{content:none}.elementor-widget-divider--element-align-start .elementor-divider__element{margin-inline-start:0}.elementor-widget-divider--element-align-end .elementor-divider .elementor-divider-separator>.elementor-divider__svg:last-of-type{flex-grow:0;flex-shrink:100}.elementor-widget-divider--element-align-end .elementor-divider-separator:after{content:none}.elementor-widget-divider--element-align-end .elementor-divider__element{margin-inline-end:0}.elementor-widget-divider:not(.elementor-widget-divider--view-line_text):not(.elementor-widget-divider--view-line_icon) .elementor-divider-separator{border-block-start:var(--divider-border-width) var(--divider-border-style) var(--divider-color)}.elementor-widget-divider--separator-type-pattern{--divider-border-style:none}.elementor-widget-divider--separator-type-pattern.elementor-widget-divider--view-line .elementor-divider-separator,.elementor-widget-divider--separator-type-pattern:not(.elementor-widget-divider--view-line) .elementor-divider-separator:after,.elementor-widget-divider--separator-type-pattern:not(.elementor-widget-divider--view-line) .elementor-divider-separator:before,.elementor-widget-divider--separator-type-pattern:not([class*=elementor-widget-divider--view]) .elementor-divider-separator{width:100%;min-height:var(--divider-pattern-height);-webkit-mask-size:var(--divider-pattern-size) 100%;mask-size:var(--divider-pattern-size) 100%;-webkit-mask-repeat:var(--divider-pattern-repeat);mask-repeat:var(--divider-pattern-repeat);background-color:var(--divider-color);-webkit-mask-image:var(--divider-pattern-url);mask-image:var(--divider-pattern-url)}.elementor-widget-divider--no-spacing{--divider-pattern-size:auto}.elementor-widget-divider--bg-round{--divider-pattern-repeat:round}.rtl .elementor-widget-divider .elementor-divider__text{direction:rtl}.e-con-inner>.elementor-widget-divider,.e-con>.elementor-widget-divider{width:var(--container-widget-width,100%);--flex-grow:var(--container-widget-flex-grow)}<\/style>\t\t<div class=\"elementor-divider\">\n\t\t\t<span class=\"elementor-divider-separator\">\n\t\t\t\t\t\t<\/span>\n\t\t<\/div>\n\t\t\t\t<\/div>\n\t\t\t\t<\/div>\n\t\t\t\t\t<\/div>\n\t\t\t\t<\/div>\n\t\t\t\t<\/div>\n\t\t<div class=\"elementor-element elementor-element-ffcbbea e-con-full e-flex wpr-particle-no wpr-jarallax-no wpr-parallax-no wpr-sticky-section-no wpr-equal-height-no e-con e-parent\" data-id=\"ffcbbea\" data-element_type=\"container\">\n\t\t<div class=\"elementor-element elementor-element-8b659ce e-flex e-con-boxed wpr-particle-no wpr-jarallax-no wpr-parallax-no wpr-sticky-section-no wpr-equal-height-no e-con e-child\" data-id=\"8b659ce\" data-element_type=\"container\">\n\t\t\t\t\t<div class=\"e-con-inner\">\n\t\t<div class=\"elementor-element elementor-element-0536bad e-flex e-con-boxed wpr-particle-no wpr-jarallax-no wpr-parallax-no wpr-sticky-section-no wpr-equal-height-no e-con e-child\" data-id=\"0536bad\" data-element_type=\"container\">\n\t\t\t\t\t<div class=\"e-con-inner\">\n\t\t\t\t<div class=\"elementor-element elementor-element-ca065a0 elementor-widget elementor-widget-heading\" data-id=\"ca065a0\" data-element_type=\"widget\" data-widget_type=\"heading.default\">\n\t\t\t\t<div class=\"elementor-widget-container\">\n\t\t\t<h2 class=\"elementor-heading-title elementor-size-default\">Objetivo general<\/h2>\t\t<\/div>\n\t\t\t\t<\/div>\n\t\t\t\t<div class=\"elementor-element elementor-element-c3e5c2f elementor-widget elementor-widget-text-editor\" data-id=\"c3e5c2f\" data-element_type=\"widget\" data-widget_type=\"text-editor.default\">\n\t\t\t\t<div class=\"elementor-widget-container\">\n\t\t\t<style>\/*! elementor - v3.23.0 - 05-08-2024 *\/\n.elementor-widget-text-editor.elementor-drop-cap-view-stacked .elementor-drop-cap{background-color:#69727d;color:#fff}.elementor-widget-text-editor.elementor-drop-cap-view-framed .elementor-drop-cap{color:#69727d;border:3px solid;background-color:transparent}.elementor-widget-text-editor:not(.elementor-drop-cap-view-default) .elementor-drop-cap{margin-top:8px}.elementor-widget-text-editor:not(.elementor-drop-cap-view-default) .elementor-drop-cap-letter{width:1em;height:1em}.elementor-widget-text-editor .elementor-drop-cap{float:left;text-align:center;line-height:1;font-size:50px}.elementor-widget-text-editor .elementor-drop-cap-letter{display:inline-block}<\/style>\t\t\t\t<p>Ofrecemos una atenci\u00f3n integral al paciente con enfermedad mental, con un equipo multidisciplinario, minimizando los riesgos asociados a la atenci\u00f3n, para lograr mejor\u00eda cl\u00ednica y garantizarle un diagn\u00f3stico y una conducta definida.<\/p>\t\t\t\t\t\t<\/div>\n\t\t\t\t<\/div>\n\t\t\t\t<div class=\"elementor-element elementor-element-538bfad elementor-widget elementor-widget-heading\" data-id=\"538bfad\" data-element_type=\"widget\" data-widget_type=\"heading.default\">\n\t\t\t\t<div class=\"elementor-widget-container\">\n\t\t\t<h2 class=\"elementor-heading-title elementor-size-default\">Descripci\u00f3n<\/h2>\t\t<\/div>\n\t\t\t\t<\/div>\n\t\t\t\t<div class=\"elementor-element elementor-element-8ed2de0 elementor-widget elementor-widget-text-editor\" data-id=\"8ed2de0\" data-element_type=\"widget\" data-widget_type=\"text-editor.default\">\n\t\t\t\t<div class=\"elementor-widget-container\">\n\t\t\t\t\t\t\t<p>Con 8 salas y 224 camas, los pacientes son atendidos por un equipo multidisciplinario que le brinda atenci\u00f3n psiqui\u00e1trica, medicina general, atenci\u00f3n de enfermer\u00eda, terapia ocupacional y trabajo social para la atenci\u00f3n directa a las necesidades del consultante y su familia. La instituci\u00f3n se encuentra en capacidad de atender todo tipo de paciente con enfermedad mental en fase aguda, de recuperaci\u00f3n, rehabilitaci\u00f3n y seguimiento. Espec\u00edficamente, el programa de hospitalizaci\u00f3n brinda, bajo condiciones de hoteler\u00eda y seguridad \u00f3ptimas, servicio de internaci\u00f3n a este tipo de pacientes con \u00e9nfasis en la fase aguda de la enfermedad en los siguientes episodios:<\/p><p>1. Agitaci\u00f3n psicomotriz.<br \/>2. Psicosis aguda de car\u00e1cter funcional u org\u00e1nico.<br \/>3. Depresi\u00f3n severa o psic\u00f3tica, con riesgo de suicidio.<br \/>4. Crisis maniaca.<br \/>5. Pacientes en delirium o toxicidad por psicoactivos con compromiso mental agudo.<br \/>6. Pacientes con patolog\u00eda neurol\u00f3gica con sintomatolog\u00eda psiqui\u00e1trica aguda.<\/p>\t\t\t\t\t\t<\/div>\n\t\t\t\t<\/div>\n\t\t\t\t\t<\/div>\n\t\t\t\t<\/div>\n\t\t<div class=\"elementor-element elementor-element-254de5e e-con-full e-flex wpr-particle-no wpr-jarallax-no wpr-parallax-no wpr-sticky-section-no wpr-equal-height-no e-con e-child\" data-id=\"254de5e\" data-element_type=\"container\">\n\t\t\t\t<div class=\"elementor-element elementor-element-46fa7d2 elementor-widget elementor-widget-image\" data-id=\"46fa7d2\" data-element_type=\"widget\" data-widget_type=\"image.default\">\n\t\t\t\t<div class=\"elementor-widget-container\">\n\t\t\t\t\t\t\t\t\t\t\t\t\t<img decoding=\"async\" width=\"931\" height=\"2560\" src=\"https:\/\/psiquiatricocali.gov.co\/wp\/wp-content\/uploads\/2023\/11\/Ruta_de_Atencion_Hospitalizacion-.jpg\" class=\"attachment-full size-full wp-image-1165\" alt=\"\" srcset=\"https:\/\/psiquiatricocali.gov.co\/wp\/wp-content\/uploads\/2023\/11\/Ruta_de_Atencion_Hospitalizacion-.jpg 931w, https:\/\/psiquiatricocali.gov.co\/wp\/wp-content\/uploads\/2023\/11\/Ruta_de_Atencion_Hospitalizacion--109x300.jpg 109w, https:\/\/psiquiatricocali.gov.co\/wp\/wp-content\/uploads\/2023\/11\/Ruta_de_Atencion_Hospitalizacion--372x1024.jpg 372w, https:\/\/psiquiatricocali.gov.co\/wp\/wp-content\/uploads\/2023\/11\/Ruta_de_Atencion_Hospitalizacion--768x2112.jpg 768w, https:\/\/psiquiatricocali.gov.co\/wp\/wp-content\/uploads\/2023\/11\/Ruta_de_Atencion_Hospitalizacion--559x1536.jpg 559w, https:\/\/psiquiatricocali.gov.co\/wp\/wp-content\/uploads\/2023\/11\/Ruta_de_Atencion_Hospitalizacion--745x2048.jpg 745w\" sizes=\"(max-width: 931px) 100vw, 931px\" \/>\t\t\t\t\t\t\t\t\t\t\t\t\t<\/div>\n\t\t\t\t<\/div>\n\t\t\t\t<\/div>\n\t\t\t\t\t<\/div>\n\t\t\t\t<\/div>\n\t\t\t\t<\/div>\n\t\t\t\t<\/div>\n\t\t","protected":false},"excerpt":{"rendered":"<p>Hospitalizaci\u00f3n Objetivo general Ofrecemos una atenci\u00f3n integral al paciente con enfermedad mental, con un equipo multidisciplinario, minimizando los riesgos asociados a la atenci\u00f3n, para lograr mejor\u00eda cl\u00ednica y garantizarle un diagn\u00f3stico y una conducta definida. Descripci\u00f3n Con 8 salas y 224 camas, los pacientes son atendidos por un equipo multidisciplinario que le brinda atenci\u00f3n psiqui\u00e1trica, medicina general, atenci\u00f3n de enfermer\u00eda, terapia ocupacional y trabajo social para la atenci\u00f3n directa a las necesidades del consultante y su familia. La instituci\u00f3n se encuentra en capacidad de atender todo tipo de paciente con enfermedad mental en fase aguda, de recuperaci\u00f3n, rehabilitaci\u00f3n y seguimiento. Espec\u00edficamente, el programa de hospitalizaci\u00f3n brinda, bajo condiciones de hoteler\u00eda y seguridad \u00f3ptimas, servicio de internaci\u00f3n a este tipo de pacientes con \u00e9nfasis en la fase aguda de la enfermedad en los siguientes episodios: 1. Agitaci\u00f3n psicomotriz.2. Psicosis aguda de car\u00e1cter funcional u org\u00e1nico.3. Depresi\u00f3n severa o psic\u00f3tica, con riesgo de suicidio.4. Crisis maniaca.5. Pacientes en delirium o toxicidad por psicoactivos con compromiso mental agudo.6. Pacientes con patolog\u00eda neurol\u00f3gica con sintomatolog\u00eda psiqui\u00e1trica aguda.<\/p>\n","protected":false},"author":1,"featured_media":0,"parent":0,"menu_order":0,"comment_status":"closed","ping_status":"closed","template":"","meta":{"footnotes":""},"_links":{"self":[{"href":"https:\/\/psiquiatricocali.gov.co\/wp\/wp-json\/wp\/v2\/pages\/1153"}],"collection":[{"href":"https:\/\/psiquiatricocali.gov.co\/wp\/wp-json\/wp\/v2\/pages"}],"about":[{"href":"https:\/\/psiquiatricocali.gov.co\/wp\/wp-json\/wp\/v2\/types\/page"}],"author":[{"embeddable":true,"href":"https:\/\/psiquiatricocali.gov.co\/wp\/wp-json\/wp\/v2\/users\/1"}],"replies":[{"embeddable":true,"href":"https:\/\/psiquiatricocali.gov.co\/wp\/wp-json\/wp\/v2\/comments?post=1153"}],"version-history":[{"count":16,"href":"https:\/\/psiquiatricocali.gov.co\/wp\/wp-json\/wp\/v2\/pages\/1153\/revisions"}],"predecessor-version":[{"id":4303,"href":"https:\/\/psiquiatricocali.gov.co\/wp\/wp-json\/wp\/v2\/pages\/1153\/revisions\/4303"}],"wp:attachment":[{"href":"https:\/\/psiquiatricocali.gov.co\/wp\/wp-json\/wp\/v2\/media?parent=1153"}],"curies":[{"name":"wp","href":"https:\/\/api.w.org\/{rel}","templated":true}]}}