{"id":2155,"date":"2023-11-30T18:49:56","date_gmt":"2023-11-30T17:49:56","guid":{"rendered":"https:\/\/psiquiatricocali.gov.co\/wp\/?page_id=2155"},"modified":"2023-12-05T14:47:32","modified_gmt":"2023-12-05T13:47:32","slug":"deberes-y-derechos","status":"publish","type":"page","link":"https:\/\/psiquiatricocali.gov.co\/wp\/deberes-y-derechos\/","title":{"rendered":"Deberes y Derechos del Paciente"},"content":{"rendered":"\t\t<div data-elementor-type=\"wp-page\" data-elementor-id=\"2155\" class=\"elementor elementor-2155\" data-elementor-post-type=\"page\">\n\t\t\t\t<div class=\"elementor-element elementor-element-0fdc4d3 e-con-full e-flex wpr-particle-no wpr-jarallax-no wpr-parallax-no wpr-sticky-section-no wpr-equal-height-no e-con e-parent\" data-id=\"0fdc4d3\" data-element_type=\"container\">\n\t\t<div class=\"elementor-element elementor-element-ec0ebf7 e-con-full e-flex wpr-particle-no wpr-jarallax-no wpr-parallax-no wpr-sticky-section-no wpr-equal-height-no e-con e-child\" data-id=\"ec0ebf7\" data-element_type=\"container\">\n\t\t\t\t<div class=\"elementor-element elementor-element-5f39c37 elementor-widget elementor-widget-image\" data-id=\"5f39c37\" data-element_type=\"widget\" data-widget_type=\"image.default\">\n\t\t\t\t<div class=\"elementor-widget-container\">\n\t\t\t<style>\/*! elementor - v3.23.0 - 05-08-2024 *\/\n.elementor-widget-image{text-align:center}.elementor-widget-image a{display:inline-block}.elementor-widget-image a img[src$=\".svg\"]{width:48px}.elementor-widget-image img{vertical-align:middle;display:inline-block}<\/style>\t\t\t\t\t\t\t\t\t\t<img fetchpriority=\"high\" decoding=\"async\" width=\"1920\" height=\"768\" src=\"https:\/\/psiquiatricocali.gov.co\/wp\/wp-content\/uploads\/2023\/11\/Banner-pacientes.jpg\" class=\"attachment-full size-full wp-image-2061\" alt=\"\" srcset=\"https:\/\/psiquiatricocali.gov.co\/wp\/wp-content\/uploads\/2023\/11\/Banner-pacientes.jpg 1920w, https:\/\/psiquiatricocali.gov.co\/wp\/wp-content\/uploads\/2023\/11\/Banner-pacientes-300x120.jpg 300w, https:\/\/psiquiatricocali.gov.co\/wp\/wp-content\/uploads\/2023\/11\/Banner-pacientes-1024x410.jpg 1024w, https:\/\/psiquiatricocali.gov.co\/wp\/wp-content\/uploads\/2023\/11\/Banner-pacientes-768x307.jpg 768w, https:\/\/psiquiatricocali.gov.co\/wp\/wp-content\/uploads\/2023\/11\/Banner-pacientes-1536x614.jpg 1536w\" sizes=\"(max-width: 1920px) 100vw, 1920px\" \/>\t\t\t\t\t\t\t\t\t\t\t\t\t<\/div>\n\t\t\t\t<\/div>\n\t\t\t\t<\/div>\n\t\t\t\t<\/div>\n\t\t<div class=\"elementor-element elementor-element-c90ee1e e-con-full e-flex wpr-particle-no wpr-jarallax-no wpr-parallax-no wpr-sticky-section-no wpr-equal-height-no e-con e-parent\" data-id=\"c90ee1e\" data-element_type=\"container\">\n\t\t<div class=\"elementor-element elementor-element-79932a7 e-flex e-con-boxed wpr-particle-no wpr-jarallax-no wpr-parallax-no wpr-sticky-section-no wpr-equal-height-no e-con e-child\" data-id=\"79932a7\" data-element_type=\"container\">\n\t\t\t\t\t<div class=\"e-con-inner\">\n\t\t\t\t<div class=\"elementor-element elementor-element-aed2562 br_not elementor-widget elementor-widget-heading\" data-id=\"aed2562\" data-element_type=\"widget\" data-widget_type=\"heading.default\">\n\t\t\t\t<div class=\"elementor-widget-container\">\n\t\t\t<style>\/*! elementor - v3.23.0 - 05-08-2024 *\/\n.elementor-heading-title{padding:0;margin:0;line-height:1}.elementor-widget-heading .elementor-heading-title[class*=elementor-size-]>a{color:inherit;font-size:inherit;line-height:inherit}.elementor-widget-heading .elementor-heading-title.elementor-size-small{font-size:15px}.elementor-widget-heading .elementor-heading-title.elementor-size-medium{font-size:19px}.elementor-widget-heading .elementor-heading-title.elementor-size-large{font-size:29px}.elementor-widget-heading .elementor-heading-title.elementor-size-xl{font-size:39px}.elementor-widget-heading .elementor-heading-title.elementor-size-xxl{font-size:59px}<\/style><h1 class=\"elementor-heading-title elementor-size-default\">Deberes y Derechos del Paciente<\/h1>\t\t<\/div>\n\t\t\t\t<\/div>\n\t\t\t\t<div class=\"elementor-element elementor-element-123fd78 elementor-widget-divider--view-line elementor-widget elementor-widget-divider\" data-id=\"123fd78\" data-element_type=\"widget\" data-widget_type=\"divider.default\">\n\t\t\t\t<div class=\"elementor-widget-container\">\n\t\t\t<style>\/*! elementor - v3.23.0 - 05-08-2024 *\/\n.elementor-widget-divider{--divider-border-style:none;--divider-border-width:1px;--divider-color:#0c0d0e;--divider-icon-size:20px;--divider-element-spacing:10px;--divider-pattern-height:24px;--divider-pattern-size:20px;--divider-pattern-url:none;--divider-pattern-repeat:repeat-x}.elementor-widget-divider .elementor-divider{display:flex}.elementor-widget-divider .elementor-divider__text{font-size:15px;line-height:1;max-width:95%}.elementor-widget-divider .elementor-divider__element{margin:0 var(--divider-element-spacing);flex-shrink:0}.elementor-widget-divider .elementor-icon{font-size:var(--divider-icon-size)}.elementor-widget-divider .elementor-divider-separator{display:flex;margin:0;direction:ltr}.elementor-widget-divider--view-line_icon .elementor-divider-separator,.elementor-widget-divider--view-line_text .elementor-divider-separator{align-items:center}.elementor-widget-divider--view-line_icon .elementor-divider-separator:after,.elementor-widget-divider--view-line_icon .elementor-divider-separator:before,.elementor-widget-divider--view-line_text .elementor-divider-separator:after,.elementor-widget-divider--view-line_text .elementor-divider-separator:before{display:block;content:\"\";border-block-end:0;flex-grow:1;border-block-start:var(--divider-border-width) var(--divider-border-style) var(--divider-color)}.elementor-widget-divider--element-align-left .elementor-divider .elementor-divider-separator>.elementor-divider__svg:first-of-type{flex-grow:0;flex-shrink:100}.elementor-widget-divider--element-align-left .elementor-divider-separator:before{content:none}.elementor-widget-divider--element-align-left .elementor-divider__element{margin-left:0}.elementor-widget-divider--element-align-right .elementor-divider .elementor-divider-separator>.elementor-divider__svg:last-of-type{flex-grow:0;flex-shrink:100}.elementor-widget-divider--element-align-right .elementor-divider-separator:after{content:none}.elementor-widget-divider--element-align-right .elementor-divider__element{margin-right:0}.elementor-widget-divider--element-align-start .elementor-divider .elementor-divider-separator>.elementor-divider__svg:first-of-type{flex-grow:0;flex-shrink:100}.elementor-widget-divider--element-align-start .elementor-divider-separator:before{content:none}.elementor-widget-divider--element-align-start .elementor-divider__element{margin-inline-start:0}.elementor-widget-divider--element-align-end .elementor-divider .elementor-divider-separator>.elementor-divider__svg:last-of-type{flex-grow:0;flex-shrink:100}.elementor-widget-divider--element-align-end .elementor-divider-separator:after{content:none}.elementor-widget-divider--element-align-end .elementor-divider__element{margin-inline-end:0}.elementor-widget-divider:not(.elementor-widget-divider--view-line_text):not(.elementor-widget-divider--view-line_icon) .elementor-divider-separator{border-block-start:var(--divider-border-width) var(--divider-border-style) var(--divider-color)}.elementor-widget-divider--separator-type-pattern{--divider-border-style:none}.elementor-widget-divider--separator-type-pattern.elementor-widget-divider--view-line .elementor-divider-separator,.elementor-widget-divider--separator-type-pattern:not(.elementor-widget-divider--view-line) .elementor-divider-separator:after,.elementor-widget-divider--separator-type-pattern:not(.elementor-widget-divider--view-line) .elementor-divider-separator:before,.elementor-widget-divider--separator-type-pattern:not([class*=elementor-widget-divider--view]) .elementor-divider-separator{width:100%;min-height:var(--divider-pattern-height);-webkit-mask-size:var(--divider-pattern-size) 100%;mask-size:var(--divider-pattern-size) 100%;-webkit-mask-repeat:var(--divider-pattern-repeat);mask-repeat:var(--divider-pattern-repeat);background-color:var(--divider-color);-webkit-mask-image:var(--divider-pattern-url);mask-image:var(--divider-pattern-url)}.elementor-widget-divider--no-spacing{--divider-pattern-size:auto}.elementor-widget-divider--bg-round{--divider-pattern-repeat:round}.rtl .elementor-widget-divider .elementor-divider__text{direction:rtl}.e-con-inner>.elementor-widget-divider,.e-con>.elementor-widget-divider{width:var(--container-widget-width,100%);--flex-grow:var(--container-widget-flex-grow)}<\/style>\t\t<div class=\"elementor-divider\">\n\t\t\t<span class=\"elementor-divider-separator\">\n\t\t\t\t\t\t<\/span>\n\t\t<\/div>\n\t\t\t\t<\/div>\n\t\t\t\t<\/div>\n\t\t\t\t\t<\/div>\n\t\t\t\t<\/div>\n\t\t\t\t<\/div>\n\t\t<div class=\"elementor-element elementor-element-ffcbbea e-con-full e-flex wpr-particle-no wpr-jarallax-no wpr-parallax-no wpr-sticky-section-no wpr-equal-height-no e-con e-parent\" data-id=\"ffcbbea\" data-element_type=\"container\">\n\t\t<div class=\"elementor-element elementor-element-8b659ce e-flex e-con-boxed wpr-particle-no wpr-jarallax-no wpr-parallax-no wpr-sticky-section-no wpr-equal-height-no e-con e-child\" data-id=\"8b659ce\" data-element_type=\"container\">\n\t\t\t\t\t<div class=\"e-con-inner\">\n\t\t<div class=\"elementor-element elementor-element-254de5e e-con-full e-flex wpr-particle-no wpr-jarallax-no wpr-parallax-no wpr-sticky-section-no wpr-equal-height-no e-con e-child\" data-id=\"254de5e\" data-element_type=\"container\">\n\t\t\t\t<div class=\"elementor-element elementor-element-405c4ca elementor-widget elementor-widget-heading\" data-id=\"405c4ca\" data-element_type=\"widget\" data-widget_type=\"heading.default\">\n\t\t\t\t<div class=\"elementor-widget-container\">\n\t\t\t<h2 class=\"elementor-heading-title elementor-size-default\">Deberes y Derechos<\/h2>\t\t<\/div>\n\t\t\t\t<\/div>\n\t\t\t\t<div class=\"elementor-element elementor-element-07a9f21 elementor-widget elementor-widget-text-editor\" data-id=\"07a9f21\" data-element_type=\"widget\" data-widget_type=\"text-editor.default\">\n\t\t\t\t<div class=\"elementor-widget-container\">\n\t\t\t<style>\/*! elementor - v3.23.0 - 05-08-2024 *\/\n.elementor-widget-text-editor.elementor-drop-cap-view-stacked .elementor-drop-cap{background-color:#69727d;color:#fff}.elementor-widget-text-editor.elementor-drop-cap-view-framed .elementor-drop-cap{color:#69727d;border:3px solid;background-color:transparent}.elementor-widget-text-editor:not(.elementor-drop-cap-view-default) .elementor-drop-cap{margin-top:8px}.elementor-widget-text-editor:not(.elementor-drop-cap-view-default) .elementor-drop-cap-letter{width:1em;height:1em}.elementor-widget-text-editor .elementor-drop-cap{float:left;text-align:center;line-height:1;font-size:50px}.elementor-widget-text-editor .elementor-drop-cap-letter{display:inline-block}<\/style>\t\t\t\t<p>En cumplimiento de la Resoluci\u00f3n 13437 de 1991, todo paciente debe conocer a su ingreso de la hospitalizaci\u00f3n sobre sus derechos y deberes. Independiente del estado mental en que se encuentre la persona que toma los servicios del hospital, \u00e9sta tiene unos derechos que deben respetarse por encima de cualquier consideraci\u00f3n. Dichos derechos, unidos a los principios corporativos de la instituci\u00f3n, garantizan una \u00f3ptima atenci\u00f3n, regida siempre por el respeto a la dignidad humana.<\/p><p>La instituci\u00f3n cuenta con dos pliegos en cada una de las siguientes \u00e1reas: sala de espera en urgencias, ingreso a rehabilitaci\u00f3n (Hospital D\u00eda), y a cada lado del pasillo de hospitalizaci\u00f3n tiene unos cuadros a la entrada de urgencias, puerta principal, sala de espera y pasillo de atenci\u00f3n al cliente, donde se indican los derechos y deberes del paciente.<\/p><p>Adem\u00e1s a cada paciente y\/o familiar que demanda alguno de nuestros servicios se les entrega un bolet\u00edn de atenci\u00f3n al usuario con parte de la informaci\u00f3n escrita en este manual.<\/p>\t\t\t\t\t\t<\/div>\n\t\t\t\t<\/div>\n\t\t\t\t<div class=\"elementor-element elementor-element-34ce424 elementor-widget elementor-widget-image\" data-id=\"34ce424\" data-element_type=\"widget\" data-widget_type=\"image.default\">\n\t\t\t\t<div class=\"elementor-widget-container\">\n\t\t\t\t\t\t\t\t\t\t\t\t\t\t<a href=\"https:\/\/psiquiatricocali.gov.co\/wp\/wp-content\/uploads\/2023\/11\/Deberes-paciente-1.jpg\" data-elementor-open-lightbox=\"yes\" data-elementor-lightbox-title=\"Deberes-paciente-1\" data-e-action-hash=\"#elementor-action%3Aaction%3Dlightbox%26settings%3DeyJpZCI6MjE1OSwidXJsIjoiaHR0cHM6XC9cL3BzaXF1aWF0cmljb2NhbGkuZ292LmNvXC93cFwvd3AtY29udGVudFwvdXBsb2Fkc1wvMjAyM1wvMTFcL0RlYmVyZXMtcGFjaWVudGUtMS5qcGcifQ%3D%3D\">\n\t\t\t\t\t\t\t<img decoding=\"async\" width=\"1623\" height=\"2048\" src=\"https:\/\/psiquiatricocali.gov.co\/wp\/wp-content\/uploads\/2023\/11\/Deberes-paciente-1.jpg\" class=\"attachment-full size-full wp-image-2159\" alt=\"\" srcset=\"https:\/\/psiquiatricocali.gov.co\/wp\/wp-content\/uploads\/2023\/11\/Deberes-paciente-1.jpg 1623w, https:\/\/psiquiatricocali.gov.co\/wp\/wp-content\/uploads\/2023\/11\/Deberes-paciente-1-238x300.jpg 238w, https:\/\/psiquiatricocali.gov.co\/wp\/wp-content\/uploads\/2023\/11\/Deberes-paciente-1-812x1024.jpg 812w, https:\/\/psiquiatricocali.gov.co\/wp\/wp-content\/uploads\/2023\/11\/Deberes-paciente-1-768x969.jpg 768w, https:\/\/psiquiatricocali.gov.co\/wp\/wp-content\/uploads\/2023\/11\/Deberes-paciente-1-1217x1536.jpg 1217w\" sizes=\"(max-width: 1623px) 100vw, 1623px\" \/>\t\t\t\t\t\t\t\t<\/a>\n\t\t\t\t\t\t\t\t\t\t\t\t\t<\/div>\n\t\t\t\t<\/div>\n\t\t\t\t<div class=\"elementor-element elementor-element-688f9b9 elementor-widget elementor-widget-image\" data-id=\"688f9b9\" data-element_type=\"widget\" data-widget_type=\"image.default\">\n\t\t\t\t<div class=\"elementor-widget-container\">\n\t\t\t\t\t\t\t\t\t\t\t\t\t\t<a href=\"https:\/\/psiquiatricocali.gov.co\/wp\/wp-content\/uploads\/2023\/11\/Deberes-paciente-2.jpg\" data-elementor-open-lightbox=\"yes\" data-elementor-lightbox-title=\"Deberes-paciente-2\" data-e-action-hash=\"#elementor-action%3Aaction%3Dlightbox%26settings%3DeyJpZCI6MjE2MCwidXJsIjoiaHR0cHM6XC9cL3BzaXF1aWF0cmljb2NhbGkuZ292LmNvXC93cFwvd3AtY29udGVudFwvdXBsb2Fkc1wvMjAyM1wvMTFcL0RlYmVyZXMtcGFjaWVudGUtMi5qcGcifQ%3D%3D\">\n\t\t\t\t\t\t\t<img decoding=\"async\" width=\"1641\" height=\"2048\" src=\"https:\/\/psiquiatricocali.gov.co\/wp\/wp-content\/uploads\/2023\/11\/Deberes-paciente-2.jpg\" class=\"attachment-full size-full wp-image-2160\" alt=\"\" srcset=\"https:\/\/psiquiatricocali.gov.co\/wp\/wp-content\/uploads\/2023\/11\/Deberes-paciente-2.jpg 1641w, https:\/\/psiquiatricocali.gov.co\/wp\/wp-content\/uploads\/2023\/11\/Deberes-paciente-2-240x300.jpg 240w, https:\/\/psiquiatricocali.gov.co\/wp\/wp-content\/uploads\/2023\/11\/Deberes-paciente-2-821x1024.jpg 821w, https:\/\/psiquiatricocali.gov.co\/wp\/wp-content\/uploads\/2023\/11\/Deberes-paciente-2-768x958.jpg 768w, https:\/\/psiquiatricocali.gov.co\/wp\/wp-content\/uploads\/2023\/11\/Deberes-paciente-2-1231x1536.jpg 1231w\" sizes=\"(max-width: 1641px) 100vw, 1641px\" \/>\t\t\t\t\t\t\t\t<\/a>\n\t\t\t\t\t\t\t\t\t\t\t\t\t<\/div>\n\t\t\t\t<\/div>\n\t\t\t\t<\/div>\n\t\t<div class=\"elementor-element elementor-element-0536bad e-flex e-con-boxed wpr-particle-no wpr-jarallax-no wpr-parallax-no wpr-sticky-section-no wpr-equal-height-no e-con e-child\" data-id=\"0536bad\" data-element_type=\"container\">\n\t\t\t\t\t<div class=\"e-con-inner\">\n\t\t\t\t<div class=\"elementor-element elementor-element-ca065a0 elementor-widget elementor-widget-heading\" data-id=\"ca065a0\" data-element_type=\"widget\" data-widget_type=\"heading.default\">\n\t\t\t\t<div class=\"elementor-widget-container\">\n\t\t\t<h2 class=\"elementor-heading-title elementor-size-default\">Derechos de las personas en el \u00e1mbito de la salud mental<\/h2>\t\t<\/div>\n\t\t\t\t<\/div>\n\t\t\t\t<div class=\"elementor-element elementor-element-9961733 elementor-widget__width-initial elementor-widget elementor-widget-image\" data-id=\"9961733\" data-element_type=\"widget\" data-widget_type=\"image.default\">\n\t\t\t\t<div class=\"elementor-widget-container\">\n\t\t\t\t\t\t\t\t\t\t\t\t\t<img loading=\"lazy\" decoding=\"async\" width=\"1000\" height=\"768\" src=\"https:\/\/psiquiatricocali.gov.co\/wp\/wp-content\/uploads\/2023\/11\/Img-derechos-paciente.jpg\" class=\"attachment-full size-full wp-image-2158\" alt=\"\" srcset=\"https:\/\/psiquiatricocali.gov.co\/wp\/wp-content\/uploads\/2023\/11\/Img-derechos-paciente.jpg 1000w, https:\/\/psiquiatricocali.gov.co\/wp\/wp-content\/uploads\/2023\/11\/Img-derechos-paciente-300x230.jpg 300w, https:\/\/psiquiatricocali.gov.co\/wp\/wp-content\/uploads\/2023\/11\/Img-derechos-paciente-768x590.jpg 768w\" sizes=\"(max-width: 1000px) 100vw, 1000px\" \/>\t\t\t\t\t\t\t\t\t\t\t\t\t<\/div>\n\t\t\t\t<\/div>\n\t\t\t\t<div class=\"elementor-element elementor-element-c3e5c2f elementor-widget elementor-widget-text-editor\" data-id=\"c3e5c2f\" data-element_type=\"widget\" data-widget_type=\"text-editor.default\">\n\t\t\t\t<div class=\"elementor-widget-container\">\n\t\t\t\t\t\t\t<p>Seg\u00fan el Art\u00edculo 6\u00b0 de la Ley 1616 de 2013 o ley de salud mental, son derechos de las personas en el \u00e1mbito de la salud mental:<\/p><p><strong><span style=\"color: #64c0d1;\">&#8211;<\/span><\/strong> Derecho a recibir atenci\u00f3n integral e integrada y humanizada por el equipo humano y los servicios especializados en salud mental.<\/p><p><strong><span style=\"color: #64c0d1;\">&#8211;<\/span><\/strong> Derecho a recibir informaci\u00f3n clara, oportuna, veraz y completa de las circunstancias relacionadas con su estado de salud, diagn\u00f3stico, tratamiento y pron\u00f3stico, incluyendo el prop\u00f3sito, m\u00e9todo, duraci\u00f3n probable y los beneficios que se esperan, as\u00ed como sus riesgos y las secuelas, de los hechos o situaciones causantes de su deterioro y de las circunstancias relacionadas con su seguridad social.Derecho a recibir la atenci\u00f3n especializada e interdisciplinaria y los tratamientos con la mejor evidencia cient\u00edfica de acuerdo con los avances cient\u00edficos en salud mental.<\/p><p><strong><span style=\"color: #64c0d1;\">&#8211; <\/span><\/strong>Derecho a que las intervenciones sean las menos restrictivas de las libertades individuales de acuerdo a la ley vigente.<\/p><p><strong><span style=\"color: #64c0d1;\">&#8211;<\/span><\/strong> Derecho a tener un proceso psicoterap\u00e9utico, con los tiempos y sesiones necesarias para asegurar un trato digno para obtener resultados en t\u00e9rminos de cambio, bienestar y calidad de vida.<\/p><p><strong><span style=\"color: #64c0d1;\">&#8211;<\/span><\/strong> Derecho a recibir psicoeducaci\u00f3n a nivel individual y familiar sobre su trastorno mental y las formas de autocuidado.<\/p><p><strong><span style=\"color: #64c0d1;\">&#8211;<\/span><\/strong> Derecho a recibir incapacidad laboral, en los t\u00e9rminos y condiciones dispuestas por el profesional de la salud tratante, garantizando la recuperaci\u00f3n en la salud de la persona.<\/p><p><strong><span style=\"color: #64c0d1;\">&#8211;<\/span><\/strong> Derecho a ejercer sus derechos civiles y en caso de incapacidad que su incapacidad para ejercer estos derechos sea determinada por un juez de conformidad con la ley 1306 de 2009 y dem\u00e1s legislaci\u00f3n vigente.<\/p><p><strong><span style=\"color: #64c0d1;\">&#8211; <\/span><\/strong>Derecho a no ser discriminado o estigmatizado, por su condici\u00f3n de persona sujeto de atenci\u00f3n en salud mental.<\/p><p><strong><span style=\"color: #64c0d1;\">&#8211;<\/span><\/strong> Derecho a recibir o rechazar ayuda espiritual o religiosa de acuerdo con sus creencias.<\/p><p><strong><span style=\"color: #64c0d1;\">&#8211; <\/span><\/strong>Derecho a acceder y mantener el v\u00ednculo con el sistema educativo y el empleo, y no ser excluido por causa de su trastorno mental.<\/p><p><strong><span style=\"color: #64c0d1;\">&#8211; <\/span><\/strong>Derecho a recibir el medicamento que requiere siempre con fines terap\u00e9uticos o diagn\u00f3sticos.<\/p><p><strong><span style=\"color: #64c0d1;\">&#8211; <\/span><\/strong>Derecho a exigir que sea tenido en cuenta el consentimiento informado para recibir el tratamiento.<\/p><p><strong><span style=\"color: #64c0d1;\">&#8211; <\/span><\/strong>Derecho a no ser sometido a ensayos cl\u00ednicos ni tratamientos experimentales sin su consentimiento informado.<\/p><p><strong><span style=\"color: #64c0d1;\">&#8211;<\/span><\/strong> Derecho a la confidencialidad de la informaci\u00f3n relacionada con su proceso de atenci\u00f3n y respetar la intimidad de otros pacientes.<\/p><p><strong><span style=\"color: #64c0d1;\">&#8211;<\/span><\/strong> Derecho al Reintegro a su familia y comunidad.<\/p>\t\t\t\t\t\t<\/div>\n\t\t\t\t<\/div>\n\t\t\t\t\t<\/div>\n\t\t\t\t<\/div>\n\t\t\t\t\t<\/div>\n\t\t\t\t<\/div>\n\t\t\t\t<\/div>\n\t\t\t\t<\/div>\n\t\t","protected":false},"excerpt":{"rendered":"<p>Deberes y Derechos del Paciente Deberes y Derechos En cumplimiento de la Resoluci\u00f3n 13437 de 1991, todo paciente debe conocer a su ingreso de la hospitalizaci\u00f3n sobre sus derechos y deberes. Independiente del estado mental en que se encuentre la persona que toma los servicios del hospital, \u00e9sta tiene unos derechos que deben respetarse por encima de cualquier consideraci\u00f3n. Dichos derechos, unidos a los principios corporativos de la instituci\u00f3n, garantizan una \u00f3ptima atenci\u00f3n, regida siempre por el respeto a la dignidad humana. La instituci\u00f3n cuenta con dos pliegos en cada una de las siguientes \u00e1reas: sala de espera en urgencias, ingreso a rehabilitaci\u00f3n (Hospital D\u00eda), y a cada lado del pasillo de hospitalizaci\u00f3n tiene unos cuadros a la entrada de urgencias, puerta principal, sala de espera y pasillo de atenci\u00f3n al cliente, donde se indican los derechos y deberes del paciente. Adem\u00e1s a cada paciente y\/o familiar que demanda alguno de nuestros servicios se les entrega un bolet\u00edn de atenci\u00f3n al usuario con parte de la informaci\u00f3n escrita en este manual. Derechos de las personas en el \u00e1mbito de la salud mental Seg\u00fan el Art\u00edculo 6\u00b0 de la Ley 1616 de 2013 o ley de salud mental, son derechos de las personas en el \u00e1mbito de la salud mental: &#8211; Derecho a recibir atenci\u00f3n integral e integrada y humanizada por el equipo humano y los servicios especializados en salud mental. &#8211; Derecho a recibir informaci\u00f3n clara, oportuna, veraz y completa de las circunstancias relacionadas con su estado de salud, diagn\u00f3stico, tratamiento y pron\u00f3stico, incluyendo el prop\u00f3sito, m\u00e9todo, duraci\u00f3n probable y los beneficios que se esperan, as\u00ed como sus riesgos y las secuelas, de los hechos o situaciones causantes de su deterioro y de las circunstancias relacionadas con su seguridad social.Derecho a recibir la atenci\u00f3n especializada e interdisciplinaria y los tratamientos con la mejor evidencia cient\u00edfica de acuerdo con los avances cient\u00edficos en salud mental. &#8211; Derecho a que las intervenciones sean las menos restrictivas de las libertades individuales de acuerdo a la ley vigente. &#8211; Derecho a tener un proceso psicoterap\u00e9utico, con los tiempos y sesiones necesarias para asegurar un trato digno para obtener resultados en t\u00e9rminos de cambio, bienestar y calidad de vida. &#8211; Derecho a recibir psicoeducaci\u00f3n a nivel individual y familiar sobre su trastorno mental y las formas de autocuidado. &#8211; Derecho a recibir incapacidad laboral, en los t\u00e9rminos y condiciones dispuestas por el profesional de la salud tratante, garantizando la recuperaci\u00f3n en la salud de la persona. &#8211; Derecho a ejercer sus derechos civiles y en caso de incapacidad que su incapacidad para ejercer estos derechos sea determinada por un juez de conformidad con la ley 1306 de 2009 y dem\u00e1s legislaci\u00f3n vigente. &#8211; Derecho a no ser discriminado o estigmatizado, por su condici\u00f3n de persona sujeto de atenci\u00f3n en salud mental. &#8211; Derecho a recibir o rechazar ayuda espiritual o religiosa de acuerdo con sus creencias. &#8211; Derecho a acceder y mantener el v\u00ednculo con el sistema educativo y el empleo, y no ser excluido por causa de su trastorno mental. &#8211; Derecho a recibir el medicamento que requiere siempre con fines terap\u00e9uticos o diagn\u00f3sticos. &#8211; Derecho a exigir que sea tenido en cuenta el consentimiento informado para recibir el tratamiento. &#8211; Derecho a no ser sometido a ensayos cl\u00ednicos ni tratamientos experimentales sin su consentimiento informado. &#8211; Derecho a la confidencialidad de la informaci\u00f3n relacionada con su proceso de atenci\u00f3n y respetar la intimidad de otros pacientes. &#8211; Derecho al Reintegro a su familia y comunidad.<\/p>\n","protected":false},"author":1,"featured_media":0,"parent":0,"menu_order":0,"comment_status":"closed","ping_status":"closed","template":"","meta":{"footnotes":""},"_links":{"self":[{"href":"https:\/\/psiquiatricocali.gov.co\/wp\/wp-json\/wp\/v2\/pages\/2155"}],"collection":[{"href":"https:\/\/psiquiatricocali.gov.co\/wp\/wp-json\/wp\/v2\/pages"}],"about":[{"href":"https:\/\/psiquiatricocali.gov.co\/wp\/wp-json\/wp\/v2\/types\/page"}],"author":[{"embeddable":true,"href":"https:\/\/psiquiatricocali.gov.co\/wp\/wp-json\/wp\/v2\/users\/1"}],"replies":[{"embeddable":true,"href":"https:\/\/psiquiatricocali.gov.co\/wp\/wp-json\/wp\/v2\/comments?post=2155"}],"version-history":[{"count":13,"href":"https:\/\/psiquiatricocali.gov.co\/wp\/wp-json\/wp\/v2\/pages\/2155\/revisions"}],"predecessor-version":[{"id":4258,"href":"https:\/\/psiquiatricocali.gov.co\/wp\/wp-json\/wp\/v2\/pages\/2155\/revisions\/4258"}],"wp:attachment":[{"href":"https:\/\/psiquiatricocali.gov.co\/wp\/wp-json\/wp\/v2\/media?parent=2155"}],"curies":[{"name":"wp","href":"https:\/\/api.w.org\/{rel}","templated":true}]}}