{"id":3891,"date":"2023-12-04T20:16:04","date_gmt":"2023-12-04T19:16:04","guid":{"rendered":"https:\/\/psiquiatricocali.gov.co\/wp\/?page_id=3891"},"modified":"2023-12-05T15:01:17","modified_gmt":"2023-12-05T14:01:17","slug":"liga-del-usuario","status":"publish","type":"page","link":"https:\/\/psiquiatricocali.gov.co\/wp\/liga-del-usuario\/","title":{"rendered":"Liga del Usuario"},"content":{"rendered":"\t\t<div data-elementor-type=\"wp-page\" data-elementor-id=\"3891\" class=\"elementor elementor-3891\" data-elementor-post-type=\"page\">\n\t\t\t\t<div class=\"elementor-element elementor-element-ec0cb87 e-con-full e-flex wpr-particle-no wpr-jarallax-no wpr-parallax-no wpr-sticky-section-no wpr-equal-height-no e-con e-parent\" data-id=\"ec0cb87\" data-element_type=\"container\">\n\t\t<div class=\"elementor-element elementor-element-58da624 e-con-full e-flex wpr-particle-no wpr-jarallax-no wpr-parallax-no wpr-sticky-section-no wpr-equal-height-no e-con e-child\" data-id=\"58da624\" data-element_type=\"container\">\n\t\t\t\t<div class=\"elementor-element elementor-element-541ec7c elementor-widget__width-initial elementor-widget elementor-widget-image\" data-id=\"541ec7c\" data-element_type=\"widget\" data-widget_type=\"image.default\">\n\t\t\t\t<div class=\"elementor-widget-container\">\n\t\t\t<style>\/*! elementor - v3.23.0 - 05-08-2024 *\/\n.elementor-widget-image{text-align:center}.elementor-widget-image a{display:inline-block}.elementor-widget-image a img[src$=\".svg\"]{width:48px}.elementor-widget-image img{vertical-align:middle;display:inline-block}<\/style>\t\t\t\t\t\t\t\t\t\t<img fetchpriority=\"high\" decoding=\"async\" width=\"1920\" height=\"768\" src=\"https:\/\/psiquiatricocali.gov.co\/wp\/wp-content\/uploads\/2023\/12\/Banner-Liga-Usuario.jpg\" class=\"attachment-full size-full wp-image-3899\" alt=\"\" srcset=\"https:\/\/psiquiatricocali.gov.co\/wp\/wp-content\/uploads\/2023\/12\/Banner-Liga-Usuario.jpg 1920w, https:\/\/psiquiatricocali.gov.co\/wp\/wp-content\/uploads\/2023\/12\/Banner-Liga-Usuario-300x120.jpg 300w, https:\/\/psiquiatricocali.gov.co\/wp\/wp-content\/uploads\/2023\/12\/Banner-Liga-Usuario-1024x410.jpg 1024w, https:\/\/psiquiatricocali.gov.co\/wp\/wp-content\/uploads\/2023\/12\/Banner-Liga-Usuario-768x307.jpg 768w, https:\/\/psiquiatricocali.gov.co\/wp\/wp-content\/uploads\/2023\/12\/Banner-Liga-Usuario-1536x614.jpg 1536w\" sizes=\"(max-width: 1920px) 100vw, 1920px\" \/>\t\t\t\t\t\t\t\t\t\t\t\t\t<\/div>\n\t\t\t\t<\/div>\n\t\t\t\t<\/div>\n\t\t\t\t<\/div>\n\t\t<div class=\"elementor-element elementor-element-dd61e31 e-con-full elementor-hidden-desktop elementor-hidden-tablet elementor-hidden-mobile e-flex wpr-particle-no wpr-jarallax-no wpr-parallax-no wpr-sticky-section-no wpr-equal-height-no e-con e-parent\" data-id=\"dd61e31\" data-element_type=\"container\">\n\t\t<div class=\"elementor-element elementor-element-176bc10 e-flex e-con-boxed wpr-particle-no wpr-jarallax-no wpr-parallax-no wpr-sticky-section-no wpr-equal-height-no e-con e-child\" data-id=\"176bc10\" data-element_type=\"container\">\n\t\t\t\t\t<div class=\"e-con-inner\">\n\t\t<div class=\"elementor-element elementor-element-65404d5 e-flex e-con-boxed wpr-particle-no wpr-jarallax-no wpr-parallax-no wpr-sticky-section-no wpr-equal-height-no e-con e-child\" data-id=\"65404d5\" data-element_type=\"container\">\n\t\t\t\t\t<div class=\"e-con-inner\">\n\t\t\t\t<div class=\"elementor-element elementor-element-f9b0531 elementor-widget__width-auto br_not_desktop elementor-widget elementor-widget-heading\" data-id=\"f9b0531\" data-element_type=\"widget\" data-widget_type=\"heading.default\">\n\t\t\t\t<div class=\"elementor-widget-container\">\n\t\t\t<style>\/*! elementor - v3.23.0 - 05-08-2024 *\/\n.elementor-heading-title{padding:0;margin:0;line-height:1}.elementor-widget-heading .elementor-heading-title[class*=elementor-size-]>a{color:inherit;font-size:inherit;line-height:inherit}.elementor-widget-heading .elementor-heading-title.elementor-size-small{font-size:15px}.elementor-widget-heading .elementor-heading-title.elementor-size-medium{font-size:19px}.elementor-widget-heading .elementor-heading-title.elementor-size-large{font-size:29px}.elementor-widget-heading .elementor-heading-title.elementor-size-xl{font-size:39px}.elementor-widget-heading .elementor-heading-title.elementor-size-xxl{font-size:59px}<\/style><span class=\"elementor-heading-title elementor-size-default\">Lorem Ipsum <br>Dolor Amet<\/span>\t\t<\/div>\n\t\t\t\t<\/div>\n\t\t\t\t<div class=\"elementor-element elementor-element-5294359 elementor-widget__width-auto elementor-view-default elementor-widget elementor-widget-icon\" data-id=\"5294359\" data-element_type=\"widget\" data-widget_type=\"icon.default\">\n\t\t\t\t<div class=\"elementor-widget-container\">\n\t\t\t\t\t<div class=\"elementor-icon-wrapper\">\n\t\t\t<div class=\"elementor-icon\">\n\t\t\t<svg xmlns=\"http:\/\/www.w3.org\/2000\/svg\" xmlns:xlink=\"http:\/\/www.w3.org\/1999\/xlink\" id=\"Capa_1\" x=\"0px\" y=\"0px\" viewBox=\"0 0 51 16\" xml:space=\"preserve\"><path d=\"M50.7,8.7c0.4-0.4,0.4-1,0-1.4l-6.4-6.4c-0.4-0.4-1-0.4-1.4,0c-0.4,0.4-0.4,1,0,1.4L48.6,8l-5.7,5.7c-0.4,0.4-0.4,1,0,1.4 c0.4,0.4,1,0.4,1.4,0L50.7,8.7z M0,9h50V7H0V9z\"><\/path><\/svg>\t\t\t<\/div>\n\t\t<\/div>\n\t\t\t\t<\/div>\n\t\t\t\t<\/div>\n\t\t\t\t\t<\/div>\n\t\t\t\t<\/div>\n\t\t<div class=\"elementor-element elementor-element-35a4f53 e-flex e-con-boxed wpr-particle-no wpr-jarallax-no wpr-parallax-no wpr-sticky-section-no wpr-equal-height-no e-con e-child\" data-id=\"35a4f53\" data-element_type=\"container\">\n\t\t\t\t\t<div class=\"e-con-inner\">\n\t\t\t\t<div class=\"elementor-element elementor-element-e406830 elementor-widget__width-auto br_not_desktop elementor-widget elementor-widget-heading\" data-id=\"e406830\" data-element_type=\"widget\" data-widget_type=\"heading.default\">\n\t\t\t\t<div class=\"elementor-widget-container\">\n\t\t\t<span class=\"elementor-heading-title elementor-size-default\">Lorem Ipsum <br>Dolor Amet<\/span>\t\t<\/div>\n\t\t\t\t<\/div>\n\t\t\t\t<div class=\"elementor-element elementor-element-e57a0c6 elementor-widget__width-auto elementor-view-default elementor-widget elementor-widget-icon\" data-id=\"e57a0c6\" data-element_type=\"widget\" data-widget_type=\"icon.default\">\n\t\t\t\t<div class=\"elementor-widget-container\">\n\t\t\t\t\t<div class=\"elementor-icon-wrapper\">\n\t\t\t<div class=\"elementor-icon\">\n\t\t\t<svg xmlns=\"http:\/\/www.w3.org\/2000\/svg\" xmlns:xlink=\"http:\/\/www.w3.org\/1999\/xlink\" id=\"Capa_1\" x=\"0px\" y=\"0px\" viewBox=\"0 0 51 16\" xml:space=\"preserve\"><path d=\"M50.7,8.7c0.4-0.4,0.4-1,0-1.4l-6.4-6.4c-0.4-0.4-1-0.4-1.4,0c-0.4,0.4-0.4,1,0,1.4L48.6,8l-5.7,5.7c-0.4,0.4-0.4,1,0,1.4 c0.4,0.4,1,0.4,1.4,0L50.7,8.7z M0,9h50V7H0V9z\"><\/path><\/svg>\t\t\t<\/div>\n\t\t<\/div>\n\t\t\t\t<\/div>\n\t\t\t\t<\/div>\n\t\t\t\t\t<\/div>\n\t\t\t\t<\/div>\n\t\t<div class=\"elementor-element elementor-element-6f0056d e-flex e-con-boxed wpr-particle-no wpr-jarallax-no wpr-parallax-no wpr-sticky-section-no wpr-equal-height-no e-con e-child\" data-id=\"6f0056d\" data-element_type=\"container\">\n\t\t\t\t\t<div class=\"e-con-inner\">\n\t\t\t\t<div class=\"elementor-element elementor-element-99c83a2 elementor-widget__width-auto br_not_desktop elementor-widget elementor-widget-heading\" data-id=\"99c83a2\" data-element_type=\"widget\" data-widget_type=\"heading.default\">\n\t\t\t\t<div class=\"elementor-widget-container\">\n\t\t\t<span class=\"elementor-heading-title elementor-size-default\">Lorem Ipsum <br>Dolor Amet<\/span>\t\t<\/div>\n\t\t\t\t<\/div>\n\t\t\t\t<div class=\"elementor-element elementor-element-f4a6020 elementor-widget__width-auto elementor-view-default elementor-widget elementor-widget-icon\" data-id=\"f4a6020\" data-element_type=\"widget\" data-widget_type=\"icon.default\">\n\t\t\t\t<div class=\"elementor-widget-container\">\n\t\t\t\t\t<div class=\"elementor-icon-wrapper\">\n\t\t\t<div class=\"elementor-icon\">\n\t\t\t<svg xmlns=\"http:\/\/www.w3.org\/2000\/svg\" xmlns:xlink=\"http:\/\/www.w3.org\/1999\/xlink\" id=\"Capa_1\" x=\"0px\" y=\"0px\" viewBox=\"0 0 51 16\" xml:space=\"preserve\"><path d=\"M50.7,8.7c0.4-0.4,0.4-1,0-1.4l-6.4-6.4c-0.4-0.4-1-0.4-1.4,0c-0.4,0.4-0.4,1,0,1.4L48.6,8l-5.7,5.7c-0.4,0.4-0.4,1,0,1.4 c0.4,0.4,1,0.4,1.4,0L50.7,8.7z M0,9h50V7H0V9z\"><\/path><\/svg>\t\t\t<\/div>\n\t\t<\/div>\n\t\t\t\t<\/div>\n\t\t\t\t<\/div>\n\t\t\t\t\t<\/div>\n\t\t\t\t<\/div>\n\t\t\t\t\t<\/div>\n\t\t\t\t<\/div>\n\t\t<div class=\"elementor-element elementor-element-2fd3148 elementor-hidden-mobile e-flex e-con-boxed wpr-particle-no wpr-jarallax-no wpr-parallax-no wpr-sticky-section-no wpr-equal-height-no e-con e-child\" data-id=\"2fd3148\" data-element_type=\"container\">\n\t\t\t\t\t<div class=\"e-con-inner\">\n\t\t\t\t<div class=\"elementor-element elementor-element-de575a0 elementor-widget-divider--view-line elementor-widget elementor-widget-divider\" data-id=\"de575a0\" data-element_type=\"widget\" data-widget_type=\"divider.default\">\n\t\t\t\t<div class=\"elementor-widget-container\">\n\t\t\t<style>\/*! elementor - v3.23.0 - 05-08-2024 *\/\n.elementor-widget-divider{--divider-border-style:none;--divider-border-width:1px;--divider-color:#0c0d0e;--divider-icon-size:20px;--divider-element-spacing:10px;--divider-pattern-height:24px;--divider-pattern-size:20px;--divider-pattern-url:none;--divider-pattern-repeat:repeat-x}.elementor-widget-divider .elementor-divider{display:flex}.elementor-widget-divider .elementor-divider__text{font-size:15px;line-height:1;max-width:95%}.elementor-widget-divider .elementor-divider__element{margin:0 var(--divider-element-spacing);flex-shrink:0}.elementor-widget-divider .elementor-icon{font-size:var(--divider-icon-size)}.elementor-widget-divider .elementor-divider-separator{display:flex;margin:0;direction:ltr}.elementor-widget-divider--view-line_icon .elementor-divider-separator,.elementor-widget-divider--view-line_text .elementor-divider-separator{align-items:center}.elementor-widget-divider--view-line_icon .elementor-divider-separator:after,.elementor-widget-divider--view-line_icon .elementor-divider-separator:before,.elementor-widget-divider--view-line_text .elementor-divider-separator:after,.elementor-widget-divider--view-line_text .elementor-divider-separator:before{display:block;content:\"\";border-block-end:0;flex-grow:1;border-block-start:var(--divider-border-width) var(--divider-border-style) var(--divider-color)}.elementor-widget-divider--element-align-left .elementor-divider .elementor-divider-separator>.elementor-divider__svg:first-of-type{flex-grow:0;flex-shrink:100}.elementor-widget-divider--element-align-left .elementor-divider-separator:before{content:none}.elementor-widget-divider--element-align-left .elementor-divider__element{margin-left:0}.elementor-widget-divider--element-align-right .elementor-divider .elementor-divider-separator>.elementor-divider__svg:last-of-type{flex-grow:0;flex-shrink:100}.elementor-widget-divider--element-align-right .elementor-divider-separator:after{content:none}.elementor-widget-divider--element-align-right .elementor-divider__element{margin-right:0}.elementor-widget-divider--element-align-start .elementor-divider .elementor-divider-separator>.elementor-divider__svg:first-of-type{flex-grow:0;flex-shrink:100}.elementor-widget-divider--element-align-start .elementor-divider-separator:before{content:none}.elementor-widget-divider--element-align-start .elementor-divider__element{margin-inline-start:0}.elementor-widget-divider--element-align-end .elementor-divider .elementor-divider-separator>.elementor-divider__svg:last-of-type{flex-grow:0;flex-shrink:100}.elementor-widget-divider--element-align-end .elementor-divider-separator:after{content:none}.elementor-widget-divider--element-align-end .elementor-divider__element{margin-inline-end:0}.elementor-widget-divider:not(.elementor-widget-divider--view-line_text):not(.elementor-widget-divider--view-line_icon) .elementor-divider-separator{border-block-start:var(--divider-border-width) var(--divider-border-style) var(--divider-color)}.elementor-widget-divider--separator-type-pattern{--divider-border-style:none}.elementor-widget-divider--separator-type-pattern.elementor-widget-divider--view-line .elementor-divider-separator,.elementor-widget-divider--separator-type-pattern:not(.elementor-widget-divider--view-line) .elementor-divider-separator:after,.elementor-widget-divider--separator-type-pattern:not(.elementor-widget-divider--view-line) .elementor-divider-separator:before,.elementor-widget-divider--separator-type-pattern:not([class*=elementor-widget-divider--view]) .elementor-divider-separator{width:100%;min-height:var(--divider-pattern-height);-webkit-mask-size:var(--divider-pattern-size) 100%;mask-size:var(--divider-pattern-size) 100%;-webkit-mask-repeat:var(--divider-pattern-repeat);mask-repeat:var(--divider-pattern-repeat);background-color:var(--divider-color);-webkit-mask-image:var(--divider-pattern-url);mask-image:var(--divider-pattern-url)}.elementor-widget-divider--no-spacing{--divider-pattern-size:auto}.elementor-widget-divider--bg-round{--divider-pattern-repeat:round}.rtl .elementor-widget-divider .elementor-divider__text{direction:rtl}.e-con-inner>.elementor-widget-divider,.e-con>.elementor-widget-divider{width:var(--container-widget-width,100%);--flex-grow:var(--container-widget-flex-grow)}<\/style>\t\t<div class=\"elementor-divider\">\n\t\t\t<span class=\"elementor-divider-separator\">\n\t\t\t\t\t\t<\/span>\n\t\t<\/div>\n\t\t\t\t<\/div>\n\t\t\t\t<\/div>\n\t\t\t\t\t<\/div>\n\t\t\t\t<\/div>\n\t\t\t\t<\/div>\n\t\t<div class=\"elementor-element elementor-element-ffcbbea e-con-full e-flex wpr-particle-no wpr-jarallax-no wpr-parallax-no wpr-sticky-section-no wpr-equal-height-no e-con e-parent\" data-id=\"ffcbbea\" data-element_type=\"container\">\n\t\t<div class=\"elementor-element elementor-element-8b659ce e-flex e-con-boxed wpr-particle-no wpr-jarallax-no wpr-parallax-no wpr-sticky-section-no wpr-equal-height-no e-con e-child\" data-id=\"8b659ce\" data-element_type=\"container\">\n\t\t\t\t\t<div class=\"e-con-inner\">\n\t\t\t\t<div class=\"elementor-element elementor-element-9fe655d br_not elementor-widget elementor-widget-heading\" data-id=\"9fe655d\" data-element_type=\"widget\" data-widget_type=\"heading.default\">\n\t\t\t\t<div class=\"elementor-widget-container\">\n\t\t\t<h1 class=\"elementor-heading-title elementor-size-default\">Liga del Usuario<\/h1>\t\t<\/div>\n\t\t\t\t<\/div>\n\t\t\t\t<div class=\"elementor-element elementor-element-f3a0b3c elementor-widget-divider--view-line elementor-widget elementor-widget-divider\" data-id=\"f3a0b3c\" data-element_type=\"widget\" data-widget_type=\"divider.default\">\n\t\t\t\t<div class=\"elementor-widget-container\">\n\t\t\t\t\t<div class=\"elementor-divider\">\n\t\t\t<span class=\"elementor-divider-separator\">\n\t\t\t\t\t\t<\/span>\n\t\t<\/div>\n\t\t\t\t<\/div>\n\t\t\t\t<\/div>\n\t\t<div class=\"elementor-element elementor-element-0536bad e-flex e-con-boxed wpr-particle-no wpr-jarallax-no wpr-parallax-no wpr-sticky-section-no wpr-equal-height-no e-con e-child\" data-id=\"0536bad\" data-element_type=\"container\">\n\t\t\t\t\t<div class=\"e-con-inner\">\n\t\t<div class=\"elementor-element elementor-element-8ac86af e-con-full e-flex wpr-particle-no wpr-jarallax-no wpr-parallax-no wpr-sticky-section-no wpr-equal-height-no e-con e-child\" data-id=\"8ac86af\" data-element_type=\"container\">\n\t\t\t\t<div class=\"elementor-element elementor-element-0447ccc elementor-widget elementor-widget-heading\" data-id=\"0447ccc\" data-element_type=\"widget\" data-widget_type=\"heading.default\">\n\t\t\t\t<div class=\"elementor-widget-container\">\n\t\t\t<h2 class=\"elementor-heading-title elementor-size-default\">Funciones de las alianzas o ligas de usuario<\/h2>\t\t<\/div>\n\t\t\t\t<\/div>\n\t\t\t\t<div class=\"elementor-element elementor-element-e6045b8 elementor-widget elementor-widget-text-editor\" data-id=\"e6045b8\" data-element_type=\"widget\" data-widget_type=\"text-editor.default\">\n\t\t\t\t<div class=\"elementor-widget-container\">\n\t\t\t<style>\/*! elementor - v3.23.0 - 05-08-2024 *\/\n.elementor-widget-text-editor.elementor-drop-cap-view-stacked .elementor-drop-cap{background-color:#69727d;color:#fff}.elementor-widget-text-editor.elementor-drop-cap-view-framed .elementor-drop-cap{color:#69727d;border:3px solid;background-color:transparent}.elementor-widget-text-editor:not(.elementor-drop-cap-view-default) .elementor-drop-cap{margin-top:8px}.elementor-widget-text-editor:not(.elementor-drop-cap-view-default) .elementor-drop-cap-letter{width:1em;height:1em}.elementor-widget-text-editor .elementor-drop-cap{float:left;text-align:center;line-height:1;font-size:50px}.elementor-widget-text-editor .elementor-drop-cap-letter{display:inline-block}<\/style>\t\t\t\t<p><span lang=\"ES-TRAD\">Las funciones de las asociaciones de usuarios aparecen en el Decreto 1757\/94 y en general se pueden agrupar en las siguientes:<\/span><\/p><ul><li>Asesorar, informar y explicar a los asociados sobre los paquetes de servicios, c\u00f3mo acceder a dichos paquetes, que ofrecen las distintas EPS, las IPS y los profesionales adscritos a dichas entidades, para que puedan elegir las entidades que m\u00e1s les convengan.<\/li><li>Mantener canales de comunicaci\u00f3n interpersonal y por los medios m\u00e1s efectivos de la localidad, que permitan conocer las inquietudes y demandas afiliados relacionadas con la calidad de la atenci\u00f3n, la oportunidad, horarios, costos, entre otros.<\/li><li>Estimular y facilitar a los asociados para hacer propuestas ante los organismos de direcci\u00f3n de las entidades a los cuales est\u00e1n afiliados relacionados con el mejoramiento de la calidad t\u00e9cnica y humana de los servicios, con la preservaci\u00f3n de bajos costos de los mismos, los d\u00edas y horarios m\u00e1s convenientes para los usuarios entre otros.<\/li><li>Ejercer veedur\u00eda sobre la calidad y oportunidad de los servicios, la gesti\u00f3n financiera y otros aspectos en las instituciones del sector.<\/li><li>Definir los mecanismos para elegir democr\u00e1ticamente sus representantes en Junta Directa de las ESE, Comit\u00e9 de \u00c9tica Hospitalaria, Comit\u00e9 de Participaci\u00f3n Comunitaria, Consejo Territorial de Seguridad Social en Salud.<\/li><\/ul>\t\t\t\t\t\t<\/div>\n\t\t\t\t<\/div>\n\t\t\t\t<div class=\"elementor-element elementor-element-38fa93d elementor-widget elementor-widget-heading\" data-id=\"38fa93d\" data-element_type=\"widget\" data-widget_type=\"heading.default\">\n\t\t\t\t<div class=\"elementor-widget-container\">\n\t\t\t<h2 class=\"elementor-heading-title elementor-size-default\">Constituci\u00f3n Pol\u00edtica<\/h2>\t\t<\/div>\n\t\t\t\t<\/div>\n\t\t\t\t<div class=\"elementor-element elementor-element-ee35e51 elementor-widget elementor-widget-text-editor\" data-id=\"ee35e51\" data-element_type=\"widget\" data-widget_type=\"text-editor.default\">\n\t\t\t\t<div class=\"elementor-widget-container\">\n\t\t\t\t\t\t\t<p><strong>Art\u00edculo 103.<\/strong>\u00a0Son mecanismos de participaci\u00f3n del pueblo en ejercicio de su soberan\u00eda: el voto, el plebiscito, el referendo, la consulta popular, el cabildo abierto, la iniciativa legislativa y la revocatoria del mandato. La ley los reglamentara. El estado contribuir\u00e1 a la organizaci\u00f3n, promoci\u00f3n y capacitaci\u00f3n de las asociaciones profesionales, c\u00edvicas, sindicales, comunitarias, juveniles, ben\u00e9ficas o de utilidad com\u00fan no gubernamentales, sin detrimento de su autonom\u00eda con el objeto de que constituyan mecanismos democr\u00e1ticos de representaci\u00f3n en las diferentes instancias de participaci\u00f3n concertaci\u00f3n, control y vigilancia de la gesti\u00f3n p\u00fablica que se establezcan.<\/p>\t\t\t\t\t\t<\/div>\n\t\t\t\t<\/div>\n\t\t\t\t<div class=\"elementor-element elementor-element-8eea0d9 elementor-widget elementor-widget-heading\" data-id=\"8eea0d9\" data-element_type=\"widget\" data-widget_type=\"heading.default\">\n\t\t\t\t<div class=\"elementor-widget-container\">\n\t\t\t<h2 class=\"elementor-heading-title elementor-size-default\">Recuperaci\u00f3n del paciente<\/h2>\t\t<\/div>\n\t\t\t\t<\/div>\n\t\t\t\t<div class=\"elementor-element elementor-element-3b95da5 elementor-widget elementor-widget-text-editor\" data-id=\"3b95da5\" data-element_type=\"widget\" data-widget_type=\"text-editor.default\">\n\t\t\t\t<div class=\"elementor-widget-container\">\n\t\t\t\t\t\t\t<p><span lang=\"ES-TRAD\">El proveedor de cuidados y los familiares necesitan ayudar al paciente a aceptar responsabilidad por su enfermedad y su recuperaci\u00f3n hasta donde le sea posible. Aqu\u00ed algunas pautas para fortalecer la recuperaci\u00f3n del paciente:<\/span><\/p><ul><li>Ay\u00fadele a apegarse al plan de tratamiento.<\/li><li>Ay\u00fadele a que aprenda acerca de la enfermedad mental.<\/li><li>Ay\u00fadele a que consuma alimentos nutritivos a que mantenga buena higiene.<\/li><li>Ay\u00fadele a que participe en actividades productivas con significado.<\/li><li>Ay\u00fadele a que haga ejercicio con regularidad.<\/li><li>Ay\u00fadele a que reduzca el estr\u00e9s<\/li><li>Ay\u00fadele a que se mantenga en contacto con la familia.<\/li><li>Ay\u00fadele a asistir a los grupos de apoyo a la comunidad<\/li><\/ul><p><span lang=\"ES-TRAD\">Trabajando por el bienestar de los usuarios y del Hospital Departamental Psiqui\u00e1trico Universitario del Valle ESE<\/span><\/p>\t\t\t\t\t\t<\/div>\n\t\t\t\t<\/div>\n\t\t\t\t<div class=\"elementor-element elementor-element-f828605 elementor-mobile-align-left elementor-icon-list--layout-traditional elementor-list-item-link-full_width elementor-widget elementor-widget-icon-list\" data-id=\"f828605\" data-element_type=\"widget\" data-widget_type=\"icon-list.default\">\n\t\t\t\t<div class=\"elementor-widget-container\">\n\t\t\t<link rel=\"stylesheet\" href=\"https:\/\/psiquiatricocali.gov.co\/wp\/wp-content\/plugins\/elementor\/assets\/css\/widget-icon-list.min.css\">\t\t<ul class=\"elementor-icon-list-items\">\n\t\t\t\t\t\t\t<li class=\"elementor-icon-list-item\">\n\t\t\t\t\t\t\t\t\t\t\t<span class=\"elementor-icon-list-icon\">\n\t\t\t\t\t\t\t<i aria-hidden=\"true\" class=\"fas fa-circle\"><\/i>\t\t\t\t\t\t<\/span>\n\t\t\t\t\t\t\t\t\t\t<span class=\"elementor-icon-list-text\"><b>Tel\u00e9fono:<\/b> 322 3232 Ext. 262<\/span>\n\t\t\t\t\t\t\t\t\t<\/li>\n\t\t\t\t\t\t\t\t<li class=\"elementor-icon-list-item\">\n\t\t\t\t\t\t\t\t\t\t\t<a href=\"mailto:%20ligadelusuario_hpuv@hotmail.com\" target=\"_blank\">\n\n\t\t\t\t\t\t\t\t\t\t\t\t<span class=\"elementor-icon-list-icon\">\n\t\t\t\t\t\t\t<i aria-hidden=\"true\" class=\"fas fa-circle\"><\/i>\t\t\t\t\t\t<\/span>\n\t\t\t\t\t\t\t\t\t\t<span class=\"elementor-icon-list-text\"><b>E-mail:<\/b> ligadelusuario_hpuv@hotmail.com<\/span>\n\t\t\t\t\t\t\t\t\t\t\t<\/a>\n\t\t\t\t\t\t\t\t\t<\/li>\n\t\t\t\t\t\t<\/ul>\n\t\t\t\t<\/div>\n\t\t\t\t<\/div>\n\t\t\t\t<\/div>\n\t\t\t\t\t<\/div>\n\t\t\t\t<\/div>\n\t\t\t\t\t<\/div>\n\t\t\t\t<\/div>\n\t\t\t\t<\/div>\n\t\t\t\t<\/div>\n\t\t","protected":false},"excerpt":{"rendered":"<p>Lorem Ipsum Dolor Amet Lorem Ipsum Dolor Amet Lorem Ipsum Dolor Amet Liga del Usuario Funciones de las alianzas o ligas de usuario Las funciones de las asociaciones de usuarios aparecen en el Decreto 1757\/94 y en general se pueden agrupar en las siguientes: Asesorar, informar y explicar a los asociados sobre los paquetes de servicios, c\u00f3mo acceder a dichos paquetes, que ofrecen las distintas EPS, las IPS y los profesionales adscritos a dichas entidades, para que puedan elegir las entidades que m\u00e1s les convengan. Mantener canales de comunicaci\u00f3n interpersonal y por los medios m\u00e1s efectivos de la localidad, que permitan conocer las inquietudes y demandas afiliados relacionadas con la calidad de la atenci\u00f3n, la oportunidad, horarios, costos, entre otros. Estimular y facilitar a los asociados para hacer propuestas ante los organismos de direcci\u00f3n de las entidades a los cuales est\u00e1n afiliados relacionados con el mejoramiento de la calidad t\u00e9cnica y humana de los servicios, con la preservaci\u00f3n de bajos costos de los mismos, los d\u00edas y horarios m\u00e1s convenientes para los usuarios entre otros. Ejercer veedur\u00eda sobre la calidad y oportunidad de los servicios, la gesti\u00f3n financiera y otros aspectos en las instituciones del sector. Definir los mecanismos para elegir democr\u00e1ticamente sus representantes en Junta Directa de las ESE, Comit\u00e9 de \u00c9tica Hospitalaria, Comit\u00e9 de Participaci\u00f3n Comunitaria, Consejo Territorial de Seguridad Social en Salud. Constituci\u00f3n Pol\u00edtica Art\u00edculo 103.\u00a0Son mecanismos de participaci\u00f3n del pueblo en ejercicio de su soberan\u00eda: el voto, el plebiscito, el referendo, la consulta popular, el cabildo abierto, la iniciativa legislativa y la revocatoria del mandato. La ley los reglamentara. El estado contribuir\u00e1 a la organizaci\u00f3n, promoci\u00f3n y capacitaci\u00f3n de las asociaciones profesionales, c\u00edvicas, sindicales, comunitarias, juveniles, ben\u00e9ficas o de utilidad com\u00fan no gubernamentales, sin detrimento de su autonom\u00eda con el objeto de que constituyan mecanismos democr\u00e1ticos de representaci\u00f3n en las diferentes instancias de participaci\u00f3n concertaci\u00f3n, control y vigilancia de la gesti\u00f3n p\u00fablica que se establezcan. Recuperaci\u00f3n del paciente El proveedor de cuidados y los familiares necesitan ayudar al paciente a aceptar responsabilidad por su enfermedad y su recuperaci\u00f3n hasta donde le sea posible. Aqu\u00ed algunas pautas para fortalecer la recuperaci\u00f3n del paciente: Ay\u00fadele a apegarse al plan de tratamiento. Ay\u00fadele a que aprenda acerca de la enfermedad mental. Ay\u00fadele a que consuma alimentos nutritivos a que mantenga buena higiene. Ay\u00fadele a que participe en actividades productivas con significado. Ay\u00fadele a que haga ejercicio con regularidad. Ay\u00fadele a que reduzca el estr\u00e9s Ay\u00fadele a que se mantenga en contacto con la familia. Ay\u00fadele a asistir a los grupos de apoyo a la comunidad Trabajando por el bienestar de los usuarios y del Hospital Departamental Psiqui\u00e1trico Universitario del Valle ESE Tel\u00e9fono: 322 3232 Ext. 262 E-mail: ligadelusuario_hpuv@hotmail.com<\/p>\n","protected":false},"author":1,"featured_media":0,"parent":0,"menu_order":0,"comment_status":"closed","ping_status":"closed","template":"","meta":{"footnotes":""},"_links":{"self":[{"href":"https:\/\/psiquiatricocali.gov.co\/wp\/wp-json\/wp\/v2\/pages\/3891"}],"collection":[{"href":"https:\/\/psiquiatricocali.gov.co\/wp\/wp-json\/wp\/v2\/pages"}],"about":[{"href":"https:\/\/psiquiatricocali.gov.co\/wp\/wp-json\/wp\/v2\/types\/page"}],"author":[{"embeddable":true,"href":"https:\/\/psiquiatricocali.gov.co\/wp\/wp-json\/wp\/v2\/users\/1"}],"replies":[{"embeddable":true,"href":"https:\/\/psiquiatricocali.gov.co\/wp\/wp-json\/wp\/v2\/comments?post=3891"}],"version-history":[{"count":13,"href":"https:\/\/psiquiatricocali.gov.co\/wp\/wp-json\/wp\/v2\/pages\/3891\/revisions"}],"predecessor-version":[{"id":4351,"href":"https:\/\/psiquiatricocali.gov.co\/wp\/wp-json\/wp\/v2\/pages\/3891\/revisions\/4351"}],"wp:attachment":[{"href":"https:\/\/psiquiatricocali.gov.co\/wp\/wp-json\/wp\/v2\/media?parent=3891"}],"curies":[{"name":"wp","href":"https:\/\/api.w.org\/{rel}","templated":true}]}}