{"id":4001,"date":"2023-12-05T02:25:35","date_gmt":"2023-12-05T01:25:35","guid":{"rendered":"https:\/\/psiquiatricocali.gov.co\/wp\/?page_id=4001"},"modified":"2023-12-05T15:05:36","modified_gmt":"2023-12-05T14:05:36","slug":"pagos-pse","status":"publish","type":"page","link":"https:\/\/psiquiatricocali.gov.co\/wp\/pagos-pse\/","title":{"rendered":"Pagos PSE"},"content":{"rendered":"\t\t<div data-elementor-type=\"wp-page\" data-elementor-id=\"4001\" class=\"elementor elementor-4001\" data-elementor-post-type=\"page\">\n\t\t\t\t<div class=\"elementor-element elementor-element-ec0cb87 e-con-full e-flex wpr-particle-no wpr-jarallax-no wpr-parallax-no wpr-sticky-section-no wpr-equal-height-no e-con e-parent\" data-id=\"ec0cb87\" data-element_type=\"container\">\n\t\t<div class=\"elementor-element elementor-element-58da624 e-con-full e-flex wpr-particle-no wpr-jarallax-no wpr-parallax-no wpr-sticky-section-no wpr-equal-height-no e-con e-child\" data-id=\"58da624\" data-element_type=\"container\">\n\t\t\t\t<div class=\"elementor-element elementor-element-541ec7c elementor-widget elementor-widget-image\" data-id=\"541ec7c\" data-element_type=\"widget\" data-widget_type=\"image.default\">\n\t\t\t\t<div class=\"elementor-widget-container\">\n\t\t\t<style>\/*! elementor - v3.23.0 - 05-08-2024 *\/\n.elementor-widget-image{text-align:center}.elementor-widget-image a{display:inline-block}.elementor-widget-image a img[src$=\".svg\"]{width:48px}.elementor-widget-image img{vertical-align:middle;display:inline-block}<\/style>\t\t\t\t\t\t\t\t\t\t<img fetchpriority=\"high\" decoding=\"async\" width=\"1920\" height=\"768\" src=\"https:\/\/psiquiatricocali.gov.co\/wp\/wp-content\/uploads\/2023\/12\/Banner-presupuesto.jpg\" class=\"attachment-full size-full wp-image-3753\" alt=\"\" srcset=\"https:\/\/psiquiatricocali.gov.co\/wp\/wp-content\/uploads\/2023\/12\/Banner-presupuesto.jpg 1920w, https:\/\/psiquiatricocali.gov.co\/wp\/wp-content\/uploads\/2023\/12\/Banner-presupuesto-300x120.jpg 300w, https:\/\/psiquiatricocali.gov.co\/wp\/wp-content\/uploads\/2023\/12\/Banner-presupuesto-1024x410.jpg 1024w, https:\/\/psiquiatricocali.gov.co\/wp\/wp-content\/uploads\/2023\/12\/Banner-presupuesto-768x307.jpg 768w, https:\/\/psiquiatricocali.gov.co\/wp\/wp-content\/uploads\/2023\/12\/Banner-presupuesto-1536x614.jpg 1536w\" sizes=\"(max-width: 1920px) 100vw, 1920px\" \/>\t\t\t\t\t\t\t\t\t\t\t\t\t<\/div>\n\t\t\t\t<\/div>\n\t\t\t\t<\/div>\n\t\t\t\t<\/div>\n\t\t<div class=\"elementor-element elementor-element-dd61e31 e-con-full elementor-hidden-desktop elementor-hidden-tablet elementor-hidden-mobile e-flex wpr-particle-no wpr-jarallax-no wpr-parallax-no wpr-sticky-section-no wpr-equal-height-no e-con e-parent\" data-id=\"dd61e31\" data-element_type=\"container\">\n\t\t<div class=\"elementor-element elementor-element-176bc10 e-flex e-con-boxed wpr-particle-no wpr-jarallax-no wpr-parallax-no wpr-sticky-section-no wpr-equal-height-no e-con e-child\" data-id=\"176bc10\" data-element_type=\"container\">\n\t\t\t\t\t<div class=\"e-con-inner\">\n\t\t<div class=\"elementor-element elementor-element-65404d5 e-flex e-con-boxed wpr-particle-no wpr-jarallax-no wpr-parallax-no wpr-sticky-section-no wpr-equal-height-no e-con e-child\" data-id=\"65404d5\" data-element_type=\"container\">\n\t\t\t\t\t<div class=\"e-con-inner\">\n\t\t\t\t<div class=\"elementor-element elementor-element-f9b0531 elementor-widget__width-auto br_not_desktop elementor-widget elementor-widget-heading\" data-id=\"f9b0531\" data-element_type=\"widget\" data-widget_type=\"heading.default\">\n\t\t\t\t<div class=\"elementor-widget-container\">\n\t\t\t<style>\/*! elementor - v3.23.0 - 05-08-2024 *\/\n.elementor-heading-title{padding:0;margin:0;line-height:1}.elementor-widget-heading .elementor-heading-title[class*=elementor-size-]>a{color:inherit;font-size:inherit;line-height:inherit}.elementor-widget-heading .elementor-heading-title.elementor-size-small{font-size:15px}.elementor-widget-heading .elementor-heading-title.elementor-size-medium{font-size:19px}.elementor-widget-heading .elementor-heading-title.elementor-size-large{font-size:29px}.elementor-widget-heading .elementor-heading-title.elementor-size-xl{font-size:39px}.elementor-widget-heading .elementor-heading-title.elementor-size-xxl{font-size:59px}<\/style><span class=\"elementor-heading-title elementor-size-default\">Lorem Ipsum <br>Dolor Amet<\/span>\t\t<\/div>\n\t\t\t\t<\/div>\n\t\t\t\t<div class=\"elementor-element elementor-element-5294359 elementor-widget__width-auto elementor-view-default elementor-widget elementor-widget-icon\" data-id=\"5294359\" data-element_type=\"widget\" data-widget_type=\"icon.default\">\n\t\t\t\t<div class=\"elementor-widget-container\">\n\t\t\t\t\t<div class=\"elementor-icon-wrapper\">\n\t\t\t<div class=\"elementor-icon\">\n\t\t\t<svg xmlns=\"http:\/\/www.w3.org\/2000\/svg\" xmlns:xlink=\"http:\/\/www.w3.org\/1999\/xlink\" id=\"Capa_1\" x=\"0px\" y=\"0px\" viewBox=\"0 0 51 16\" xml:space=\"preserve\"><path d=\"M50.7,8.7c0.4-0.4,0.4-1,0-1.4l-6.4-6.4c-0.4-0.4-1-0.4-1.4,0c-0.4,0.4-0.4,1,0,1.4L48.6,8l-5.7,5.7c-0.4,0.4-0.4,1,0,1.4 c0.4,0.4,1,0.4,1.4,0L50.7,8.7z M0,9h50V7H0V9z\"><\/path><\/svg>\t\t\t<\/div>\n\t\t<\/div>\n\t\t\t\t<\/div>\n\t\t\t\t<\/div>\n\t\t\t\t\t<\/div>\n\t\t\t\t<\/div>\n\t\t<div class=\"elementor-element elementor-element-35a4f53 e-flex e-con-boxed wpr-particle-no wpr-jarallax-no wpr-parallax-no wpr-sticky-section-no wpr-equal-height-no e-con e-child\" data-id=\"35a4f53\" data-element_type=\"container\">\n\t\t\t\t\t<div class=\"e-con-inner\">\n\t\t\t\t<div class=\"elementor-element elementor-element-e406830 elementor-widget__width-auto br_not_desktop elementor-widget elementor-widget-heading\" data-id=\"e406830\" data-element_type=\"widget\" data-widget_type=\"heading.default\">\n\t\t\t\t<div class=\"elementor-widget-container\">\n\t\t\t<span class=\"elementor-heading-title elementor-size-default\">Lorem Ipsum <br>Dolor Amet<\/span>\t\t<\/div>\n\t\t\t\t<\/div>\n\t\t\t\t<div class=\"elementor-element elementor-element-e57a0c6 elementor-widget__width-auto elementor-view-default elementor-widget elementor-widget-icon\" data-id=\"e57a0c6\" data-element_type=\"widget\" data-widget_type=\"icon.default\">\n\t\t\t\t<div class=\"elementor-widget-container\">\n\t\t\t\t\t<div class=\"elementor-icon-wrapper\">\n\t\t\t<div class=\"elementor-icon\">\n\t\t\t<svg xmlns=\"http:\/\/www.w3.org\/2000\/svg\" xmlns:xlink=\"http:\/\/www.w3.org\/1999\/xlink\" id=\"Capa_1\" x=\"0px\" y=\"0px\" viewBox=\"0 0 51 16\" xml:space=\"preserve\"><path d=\"M50.7,8.7c0.4-0.4,0.4-1,0-1.4l-6.4-6.4c-0.4-0.4-1-0.4-1.4,0c-0.4,0.4-0.4,1,0,1.4L48.6,8l-5.7,5.7c-0.4,0.4-0.4,1,0,1.4 c0.4,0.4,1,0.4,1.4,0L50.7,8.7z M0,9h50V7H0V9z\"><\/path><\/svg>\t\t\t<\/div>\n\t\t<\/div>\n\t\t\t\t<\/div>\n\t\t\t\t<\/div>\n\t\t\t\t\t<\/div>\n\t\t\t\t<\/div>\n\t\t<div class=\"elementor-element elementor-element-6f0056d e-flex e-con-boxed wpr-particle-no wpr-jarallax-no wpr-parallax-no wpr-sticky-section-no wpr-equal-height-no e-con e-child\" data-id=\"6f0056d\" data-element_type=\"container\">\n\t\t\t\t\t<div class=\"e-con-inner\">\n\t\t\t\t<div class=\"elementor-element elementor-element-99c83a2 elementor-widget__width-auto br_not_desktop elementor-widget elementor-widget-heading\" data-id=\"99c83a2\" data-element_type=\"widget\" data-widget_type=\"heading.default\">\n\t\t\t\t<div class=\"elementor-widget-container\">\n\t\t\t<span class=\"elementor-heading-title elementor-size-default\">Lorem Ipsum <br>Dolor Amet<\/span>\t\t<\/div>\n\t\t\t\t<\/div>\n\t\t\t\t<div class=\"elementor-element elementor-element-f4a6020 elementor-widget__width-auto elementor-view-default elementor-widget elementor-widget-icon\" data-id=\"f4a6020\" data-element_type=\"widget\" data-widget_type=\"icon.default\">\n\t\t\t\t<div class=\"elementor-widget-container\">\n\t\t\t\t\t<div class=\"elementor-icon-wrapper\">\n\t\t\t<div class=\"elementor-icon\">\n\t\t\t<svg xmlns=\"http:\/\/www.w3.org\/2000\/svg\" xmlns:xlink=\"http:\/\/www.w3.org\/1999\/xlink\" id=\"Capa_1\" x=\"0px\" y=\"0px\" viewBox=\"0 0 51 16\" xml:space=\"preserve\"><path d=\"M50.7,8.7c0.4-0.4,0.4-1,0-1.4l-6.4-6.4c-0.4-0.4-1-0.4-1.4,0c-0.4,0.4-0.4,1,0,1.4L48.6,8l-5.7,5.7c-0.4,0.4-0.4,1,0,1.4 c0.4,0.4,1,0.4,1.4,0L50.7,8.7z M0,9h50V7H0V9z\"><\/path><\/svg>\t\t\t<\/div>\n\t\t<\/div>\n\t\t\t\t<\/div>\n\t\t\t\t<\/div>\n\t\t\t\t\t<\/div>\n\t\t\t\t<\/div>\n\t\t\t\t\t<\/div>\n\t\t\t\t<\/div>\n\t\t<div class=\"elementor-element elementor-element-2fd3148 elementor-hidden-mobile e-flex e-con-boxed wpr-particle-no wpr-jarallax-no wpr-parallax-no wpr-sticky-section-no wpr-equal-height-no e-con e-child\" data-id=\"2fd3148\" data-element_type=\"container\">\n\t\t\t\t\t<div class=\"e-con-inner\">\n\t\t\t\t<div class=\"elementor-element elementor-element-de575a0 elementor-widget-divider--view-line elementor-widget elementor-widget-divider\" data-id=\"de575a0\" data-element_type=\"widget\" data-widget_type=\"divider.default\">\n\t\t\t\t<div class=\"elementor-widget-container\">\n\t\t\t<style>\/*! elementor - v3.23.0 - 05-08-2024 *\/\n.elementor-widget-divider{--divider-border-style:none;--divider-border-width:1px;--divider-color:#0c0d0e;--divider-icon-size:20px;--divider-element-spacing:10px;--divider-pattern-height:24px;--divider-pattern-size:20px;--divider-pattern-url:none;--divider-pattern-repeat:repeat-x}.elementor-widget-divider .elementor-divider{display:flex}.elementor-widget-divider .elementor-divider__text{font-size:15px;line-height:1;max-width:95%}.elementor-widget-divider .elementor-divider__element{margin:0 var(--divider-element-spacing);flex-shrink:0}.elementor-widget-divider .elementor-icon{font-size:var(--divider-icon-size)}.elementor-widget-divider .elementor-divider-separator{display:flex;margin:0;direction:ltr}.elementor-widget-divider--view-line_icon .elementor-divider-separator,.elementor-widget-divider--view-line_text .elementor-divider-separator{align-items:center}.elementor-widget-divider--view-line_icon .elementor-divider-separator:after,.elementor-widget-divider--view-line_icon .elementor-divider-separator:before,.elementor-widget-divider--view-line_text .elementor-divider-separator:after,.elementor-widget-divider--view-line_text .elementor-divider-separator:before{display:block;content:\"\";border-block-end:0;flex-grow:1;border-block-start:var(--divider-border-width) var(--divider-border-style) var(--divider-color)}.elementor-widget-divider--element-align-left .elementor-divider .elementor-divider-separator>.elementor-divider__svg:first-of-type{flex-grow:0;flex-shrink:100}.elementor-widget-divider--element-align-left .elementor-divider-separator:before{content:none}.elementor-widget-divider--element-align-left .elementor-divider__element{margin-left:0}.elementor-widget-divider--element-align-right .elementor-divider .elementor-divider-separator>.elementor-divider__svg:last-of-type{flex-grow:0;flex-shrink:100}.elementor-widget-divider--element-align-right .elementor-divider-separator:after{content:none}.elementor-widget-divider--element-align-right .elementor-divider__element{margin-right:0}.elementor-widget-divider--element-align-start .elementor-divider .elementor-divider-separator>.elementor-divider__svg:first-of-type{flex-grow:0;flex-shrink:100}.elementor-widget-divider--element-align-start .elementor-divider-separator:before{content:none}.elementor-widget-divider--element-align-start .elementor-divider__element{margin-inline-start:0}.elementor-widget-divider--element-align-end .elementor-divider .elementor-divider-separator>.elementor-divider__svg:last-of-type{flex-grow:0;flex-shrink:100}.elementor-widget-divider--element-align-end .elementor-divider-separator:after{content:none}.elementor-widget-divider--element-align-end .elementor-divider__element{margin-inline-end:0}.elementor-widget-divider:not(.elementor-widget-divider--view-line_text):not(.elementor-widget-divider--view-line_icon) .elementor-divider-separator{border-block-start:var(--divider-border-width) var(--divider-border-style) var(--divider-color)}.elementor-widget-divider--separator-type-pattern{--divider-border-style:none}.elementor-widget-divider--separator-type-pattern.elementor-widget-divider--view-line .elementor-divider-separator,.elementor-widget-divider--separator-type-pattern:not(.elementor-widget-divider--view-line) .elementor-divider-separator:after,.elementor-widget-divider--separator-type-pattern:not(.elementor-widget-divider--view-line) .elementor-divider-separator:before,.elementor-widget-divider--separator-type-pattern:not([class*=elementor-widget-divider--view]) .elementor-divider-separator{width:100%;min-height:var(--divider-pattern-height);-webkit-mask-size:var(--divider-pattern-size) 100%;mask-size:var(--divider-pattern-size) 100%;-webkit-mask-repeat:var(--divider-pattern-repeat);mask-repeat:var(--divider-pattern-repeat);background-color:var(--divider-color);-webkit-mask-image:var(--divider-pattern-url);mask-image:var(--divider-pattern-url)}.elementor-widget-divider--no-spacing{--divider-pattern-size:auto}.elementor-widget-divider--bg-round{--divider-pattern-repeat:round}.rtl .elementor-widget-divider .elementor-divider__text{direction:rtl}.e-con-inner>.elementor-widget-divider,.e-con>.elementor-widget-divider{width:var(--container-widget-width,100%);--flex-grow:var(--container-widget-flex-grow)}<\/style>\t\t<div class=\"elementor-divider\">\n\t\t\t<span class=\"elementor-divider-separator\">\n\t\t\t\t\t\t<\/span>\n\t\t<\/div>\n\t\t\t\t<\/div>\n\t\t\t\t<\/div>\n\t\t\t\t\t<\/div>\n\t\t\t\t<\/div>\n\t\t\t\t<\/div>\n\t\t<div class=\"elementor-element elementor-element-ffcbbea e-con-full e-flex wpr-particle-no wpr-jarallax-no wpr-parallax-no wpr-sticky-section-no wpr-equal-height-no e-con e-parent\" data-id=\"ffcbbea\" data-element_type=\"container\">\n\t\t<div class=\"elementor-element elementor-element-8b659ce e-flex e-con-boxed wpr-particle-no wpr-jarallax-no wpr-parallax-no wpr-sticky-section-no wpr-equal-height-no e-con e-child\" data-id=\"8b659ce\" data-element_type=\"container\">\n\t\t\t\t\t<div class=\"e-con-inner\">\n\t\t\t\t<div class=\"elementor-element elementor-element-9fe655d br_not elementor-widget elementor-widget-heading\" data-id=\"9fe655d\" data-element_type=\"widget\" data-widget_type=\"heading.default\">\n\t\t\t\t<div class=\"elementor-widget-container\">\n\t\t\t<h1 class=\"elementor-heading-title elementor-size-default\">Pagos PSE<\/h1>\t\t<\/div>\n\t\t\t\t<\/div>\n\t\t\t\t<div class=\"elementor-element elementor-element-f3a0b3c elementor-widget-divider--view-line elementor-widget elementor-widget-divider\" data-id=\"f3a0b3c\" data-element_type=\"widget\" data-widget_type=\"divider.default\">\n\t\t\t\t<div class=\"elementor-widget-container\">\n\t\t\t\t\t<div class=\"elementor-divider\">\n\t\t\t<span class=\"elementor-divider-separator\">\n\t\t\t\t\t\t<\/span>\n\t\t<\/div>\n\t\t\t\t<\/div>\n\t\t\t\t<\/div>\n\t\t<div class=\"elementor-element elementor-element-0536bad e-flex e-con-boxed wpr-particle-no wpr-jarallax-no wpr-parallax-no wpr-sticky-section-no wpr-equal-height-no e-con e-child\" data-id=\"0536bad\" data-element_type=\"container\">\n\t\t\t\t\t<div class=\"e-con-inner\">\n\t\t<div class=\"elementor-element elementor-element-8ac86af e-con-full e-flex wpr-particle-no wpr-jarallax-no wpr-parallax-no wpr-sticky-section-no wpr-equal-height-no e-con e-child\" data-id=\"8ac86af\" data-element_type=\"container\">\n\t\t\t\t<div class=\"elementor-element elementor-element-064f1a9 elementor-widget elementor-widget-text-editor\" data-id=\"064f1a9\" data-element_type=\"widget\" data-widget_type=\"text-editor.default\">\n\t\t\t\t<div class=\"elementor-widget-container\">\n\t\t\t<style>\/*! elementor - v3.23.0 - 05-08-2024 *\/\n.elementor-widget-text-editor.elementor-drop-cap-view-stacked .elementor-drop-cap{background-color:#69727d;color:#fff}.elementor-widget-text-editor.elementor-drop-cap-view-framed .elementor-drop-cap{color:#69727d;border:3px solid;background-color:transparent}.elementor-widget-text-editor:not(.elementor-drop-cap-view-default) .elementor-drop-cap{margin-top:8px}.elementor-widget-text-editor:not(.elementor-drop-cap-view-default) .elementor-drop-cap-letter{width:1em;height:1em}.elementor-widget-text-editor .elementor-drop-cap{float:left;text-align:center;line-height:1;font-size:50px}.elementor-widget-text-editor .elementor-drop-cap-letter{display:inline-block}<\/style>\t\t\t\t<p>Ahora tienes una forma m\u00e1s f\u00e1cil de pagar tus servicios del Hospital; clic en la imagen y diligencia los campos.<br \/>M\u00e1s rapido, f\u00e1cil y seguro, a un clic de distancia.<\/p>\t\t\t\t\t\t<\/div>\n\t\t\t\t<\/div>\n\t\t\t\t<div class=\"elementor-element elementor-element-e685527 elementor-widget__width-initial elementor-widget elementor-widget-image\" data-id=\"e685527\" data-element_type=\"widget\" data-widget_type=\"image.default\">\n\t\t\t\t<div class=\"elementor-widget-container\">\n\t\t\t\t\t\t\t\t\t\t\t\t\t<img decoding=\"async\" width=\"100\" height=\"101\" src=\"https:\/\/psiquiatricocali.gov.co\/wp\/wp-content\/uploads\/2023\/11\/pse-.png\" class=\"attachment-full size-full wp-image-41\" alt=\"\" \/>\t\t\t\t\t\t\t\t\t\t\t\t\t<\/div>\n\t\t\t\t<\/div>\n\t\t\t\t<div class=\"elementor-element elementor-element-5e4a141 elementor-view-default elementor-widget elementor-widget-icon\" data-id=\"5e4a141\" data-element_type=\"widget\" data-widget_type=\"icon.default\">\n\t\t\t\t<div class=\"elementor-widget-container\">\n\t\t\t\t\t<div class=\"elementor-icon-wrapper\">\n\t\t\t<a class=\"elementor-icon\" href=\"https:\/\/www.psepagos.co\/PSEHostingUI\/ShowTicketOffice.aspx?ID=9426\" target=\"_blank\">\n\t\t\t<svg xmlns=\"http:\/\/www.w3.org\/2000\/svg\" xmlns:xlink=\"http:\/\/www.w3.org\/1999\/xlink\" id=\"Capa_1\" x=\"0px\" y=\"0px\" viewBox=\"0 0 49.4 60\" xml:space=\"preserve\"><g>\t<g>\t\t<g>\t\t\t<g>\t\t\t\t<path d=\"M29.3,55.7c2.4,0,4.7-0.7,6.7-2l9.9-6.7c1.4-1,1.9-2.9,1-4.4c-0.8-1.4-2.5-1.9-4-1.3l-12.7,5.5     c-0.5,0.2-0.7,0.8-0.5,1.2c0.2,0.5,0.8,0.7,1.2,0.5L43.7,43c0.6-0.3,1.3,0,1.6,0.5c0.4,0.6,0.2,1.5-0.4,1.9L35,52.1     c-1.9,1.3-4.2,1.9-6.5,1.7l-15.7-1.4c-0.5,0-1,0.3-1,0.9c0,0.5,0.3,1,0.9,1l15.7,1.4C28.6,55.7,28.9,55.7,29.3,55.7z\"><\/path>\t\t\t<\/g>\t\t\t<g>\t\t\t\t<path d=\"M28.8,49.4c0.7,0,1.5-0.2,2-0.7c0.7-0.5,1.2-1.3,1.3-2.2c0.2-1.8-1-3.4-2.7-3.7L16,40.3c-1.3-0.2-2.6-0.1-3.8,0.5     l-3.6,1.7c-0.5,0.2-0.7,0.8-0.5,1.3s0.8,0.7,1.3,0.5l3.6-1.7c0.8-0.4,1.8-0.5,2.7-0.3L29,44.6c0.8,0.1,1.3,0.9,1.2,1.6     c0,0.4-0.2,0.7-0.6,1c-0.3,0.2-0.7,0.3-1.1,0.3l-9.1-1.2c-0.5-0.1-1,0.3-1.1,0.8s0.3,1,0.8,1.1l9.1,1.2     C28.5,49.4,28.6,49.4,28.8,49.4z\"><\/path>\t\t\t<\/g>\t\t\t<g>\t\t\t\t<path d=\"M8.1,58.1c0.1,0,0.2,0,0.3-0.1l5.3-1.9c0.5-0.2,0.7-0.7,0.6-1.2L9.2,41C9,40.5,8.5,40.3,8,40.4l-5.3,1.9     c-0.2,0.1-0.4,0.3-0.5,0.5C2,43,2,43.3,2.1,43.5l5.1,13.9C7.3,57.8,7.7,58.1,8.1,58.1z M12.1,54.6l-3.5,1.3L4.2,43.8l3.5-1.3     L12.1,54.6z\"><\/path>\t\t\t<\/g>\t\t<\/g>\t<\/g>\t<g>\t\t<g>\t\t\t<path d=\"M25.3,33c8.6,0,15.5-7,15.5-15.5c0-8.6-7-15.5-15.5-15.5S9.8,8.9,9.8,17.5C9.8,26,16.7,33,25.3,33z M25.3,3.8    c7.5,0,13.6,6.1,13.6,13.6S32.8,31,25.3,31s-13.6-6.1-13.6-13.6C11.7,9.9,17.8,3.8,25.3,3.8z\"><\/path>\t\t<\/g>\t\t<g>\t\t\t<g>\t\t\t\t<g>\t\t\t\t\t<path d=\"M25.3,26.9c-2.9,0-5.3-2.1-5.3-4.6c0-0.5,0.4-1,1-1c0.5,0,1,0.4,1,1c0,1.4,1.5,2.6,3.4,2.6s3.4-1.2,3.4-2.6      c0-1.6-1.9-2.7-3.8-3.9c-2.3-1.3-4.8-2.8-4.8-5.7c0-2.5,2.4-4.6,5.3-4.6s5.3,2.1,5.3,4.6c0,0.5-0.4,1-1,1s-1-0.4-1-1      c0-1.4-1.5-2.6-3.4-2.6S22,11.3,22,12.7c0,1.7,1.9,2.8,3.9,4c2.2,1.3,4.8,2.8,4.8,5.6C30.6,24.8,28.2,26.9,25.3,26.9z\"><\/path>\t\t\t\t<\/g>\t\t\t<\/g>\t\t\t<g>\t\t\t\t<path d=\"M25.3,29.4c-0.5,0-1-0.4-1-1v-2.5c0-0.5,0.4-1,1-1s1,0.4,1,1v2.5C26.3,28.9,25.9,29.4,25.3,29.4z\"><\/path>\t\t\t<\/g>\t\t\t<g>\t\t\t\t<path d=\"M25.3,10.2c-0.5,0-1-0.4-1-1V6.7c0-0.5,0.4-1,1-1s1,0.4,1,1v2.5C26.3,9.7,25.9,10.2,25.3,10.2z\"><\/path>\t\t\t<\/g>\t\t<\/g>\t<\/g><\/g><\/svg>\t\t\t<\/a>\n\t\t<\/div>\n\t\t\t\t<\/div>\n\t\t\t\t<\/div>\n\t\t\t\t<\/div>\n\t\t\t\t\t<\/div>\n\t\t\t\t<\/div>\n\t\t\t\t\t<\/div>\n\t\t\t\t<\/div>\n\t\t\t\t<\/div>\n\t\t\t\t<\/div>\n\t\t","protected":false},"excerpt":{"rendered":"<p>Lorem Ipsum Dolor Amet Lorem Ipsum Dolor Amet Lorem Ipsum Dolor Amet Pagos PSE Ahora tienes una forma m\u00e1s f\u00e1cil de pagar tus servicios del Hospital; clic en la imagen y diligencia los campos.M\u00e1s rapido, f\u00e1cil y seguro, a un clic de distancia.<\/p>\n","protected":false},"author":1,"featured_media":0,"parent":0,"menu_order":0,"comment_status":"closed","ping_status":"closed","template":"","meta":{"footnotes":""},"_links":{"self":[{"href":"https:\/\/psiquiatricocali.gov.co\/wp\/wp-json\/wp\/v2\/pages\/4001"}],"collection":[{"href":"https:\/\/psiquiatricocali.gov.co\/wp\/wp-json\/wp\/v2\/pages"}],"about":[{"href":"https:\/\/psiquiatricocali.gov.co\/wp\/wp-json\/wp\/v2\/types\/page"}],"author":[{"embeddable":true,"href":"https:\/\/psiquiatricocali.gov.co\/wp\/wp-json\/wp\/v2\/users\/1"}],"replies":[{"embeddable":true,"href":"https:\/\/psiquiatricocali.gov.co\/wp\/wp-json\/wp\/v2\/comments?post=4001"}],"version-history":[{"count":10,"href":"https:\/\/psiquiatricocali.gov.co\/wp\/wp-json\/wp\/v2\/pages\/4001\/revisions"}],"predecessor-version":[{"id":4384,"href":"https:\/\/psiquiatricocali.gov.co\/wp\/wp-json\/wp\/v2\/pages\/4001\/revisions\/4384"}],"wp:attachment":[{"href":"https:\/\/psiquiatricocali.gov.co\/wp\/wp-json\/wp\/v2\/media?parent=4001"}],"curies":[{"name":"wp","href":"https:\/\/api.w.org\/{rel}","templated":true}]}}